{"id":2457,"date":"2021-12-08T10:05:12","date_gmt":"2021-12-08T10:05:12","guid":{"rendered":"https:\/\/newcar.bikebuzzbd.com\/?page_id=2457"},"modified":"2024-08-30T10:21:58","modified_gmt":"2024-08-30T10:21:58","slug":"blog","status":"publish","type":"page","link":"https:\/\/scaff.bj\/?page_id=2457","title":{"rendered":"Blog"},"content":{"rendered":"<p><img loading=\"lazy\" width=\"900\" height=\"638\" src=\"http:\/\/scaff.bj\/wp-content\/uploads\/2023\/07\/Gallerys-1-1-e1689606543750.jpg\" alt=\"\" decoding=\"async\" srcset=\"http:\/\/scaff.bj\/wp-content\/uploads\/2023\/07\/Gallerys-1-1-e1689606543750.jpg 900w, http:\/\/scaff.bj\/wp-content\/uploads\/2023\/07\/Gallerys-1-1-e1689606543750-300x213.jpg 300w, http:\/\/scaff.bj\/wp-content\/uploads\/2023\/07\/Gallerys-1-1-e1689606543750-768x544.jpg 768w\" sizes=\"auto, (max-width: 900px) 100vw, 900px\" \/>                        <\/p>\n<ul>\n<li><a href=\"http:\/\/scaff.bj\/author\/scaff\/\">scaff<\/a><\/li>\n<li>mai 15, 2023<\/li>\n<\/ul>\n<h2><a href=\"http:\/\/scaff.bj\/defacto-lingo-est-igpay\/\">Aviation Construction Reaching New Heights<\/a><\/h2>\n<p>Epsum factorial non deposit quid pro quo hic escorol.\u2026<\/p>\n<p>                                        <a href=\"http:\/\/scaff.bj\/defacto-lingo-est-igpay\/\">Read More                                        <\/a><br \/>\n                                        <a href=\"http:\/\/scaff.bj\/defacto-lingo-est-igpay\/#respond\">0<\/a><br \/>\n                            <img loading=\"lazy\" width=\"900\" height=\"638\" src=\"http:\/\/scaff.bj\/wp-content\/uploads\/2023\/07\/slide3-e1689606693813.jpg\" alt=\"\" decoding=\"async\" srcset=\"http:\/\/scaff.bj\/wp-content\/uploads\/2023\/07\/slide3-e1689606693813.jpg 900w, http:\/\/scaff.bj\/wp-content\/uploads\/2023\/07\/slide3-e1689606693813-300x213.jpg 300w, http:\/\/scaff.bj\/wp-content\/uploads\/2023\/07\/slide3-e1689606693813-768x544.jpg 768w\" sizes=\"auto, (max-width: 900px) 100vw, 900px\" \/>                        <\/p>\n<ul>\n<li><a href=\"http:\/\/scaff.bj\/author\/scaff\/\">scaff<\/a><\/li>\n<li>mai 15, 2023<\/li>\n<\/ul>\n<h2><a href=\"http:\/\/scaff.bj\/gratuitous-octopus-niacin\/\">The Next Big Challenge for Marketer<\/a><\/h2>\n<p>Epsum factorial non deposit quid pro quo hic escorol.\u2026<\/p>\n<p>                                        <a href=\"http:\/\/scaff.bj\/gratuitous-octopus-niacin\/\">Read More                                        <\/a><br \/>\n                                        <a href=\"http:\/\/scaff.bj\/gratuitous-octopus-niacin\/#respond\">0<\/a><br \/>\n                            <img loading=\"lazy\" width=\"898\" height=\"639\" src=\"http:\/\/scaff.bj\/wp-content\/uploads\/2023\/07\/main-home-img-3-e1689607187847.jpg\" alt=\"\" decoding=\"async\" srcset=\"http:\/\/scaff.bj\/wp-content\/uploads\/2023\/07\/main-home-img-3-e1689607187847.jpg 898w, http:\/\/scaff.bj\/wp-content\/uploads\/2023\/07\/main-home-img-3-e1689607187847-300x213.jpg 300w, http:\/\/scaff.bj\/wp-content\/uploads\/2023\/07\/main-home-img-3-e1689607187847-768x546.jpg 768w\" sizes=\"auto, (max-width: 898px) 100vw, 898px\" \/>                        <\/p>\n<ul>\n<li><a href=\"http:\/\/scaff.bj\/author\/scaff\/\">scaff<\/a><\/li>\n<li>mai 15, 2023<\/li>\n<\/ul>\n<h2><a href=\"http:\/\/scaff.bj\/alypian-quarrels-gorilla\/\">Modern prodigy electronics disassembling<\/a><\/h2>\n<p>Apsum Apsum factorial nondeposit quid pro quo hic escorol.\u2026<\/p>\n<p>                                        <a href=\"http:\/\/scaff.bj\/alypian-quarrels-gorilla\/\">Read More                                        <\/a><br \/>\n                                        <a href=\"http:\/\/scaff.bj\/alypian-quarrels-gorilla\/#respond\">0<\/a><br \/>\n                            <img loading=\"lazy\" width=\"1200\" height=\"600\" src=\"http:\/\/scaff.bj\/wp-content\/uploads\/2023\/07\/property-14-1200x600-1.jpg\" alt=\"\" decoding=\"async\" srcset=\"http:\/\/scaff.bj\/wp-content\/uploads\/2023\/07\/property-14-1200x600-1.jpg 1200w, http:\/\/scaff.bj\/wp-content\/uploads\/2023\/07\/property-14-1200x600-1-300x150.jpg 300w, http:\/\/scaff.bj\/wp-content\/uploads\/2023\/07\/property-14-1200x600-1-1024x512.jpg 1024w, http:\/\/scaff.bj\/wp-content\/uploads\/2023\/07\/property-14-1200x600-1-768x384.jpg 768w\" sizes=\"auto, (max-width: 1200px) 100vw, 1200px\" \/>                        <\/p>\n<ul>\n<li><a href=\"http:\/\/scaff.bj\/author\/scaff\/\">scaff<\/a><\/li>\n<li>mai 15, 2023<\/li>\n<\/ul>\n<h2><a href=\"http:\/\/scaff.bj\/psum-factorial-non-deposit\/\">Psum factorial non deposit<\/a><\/h2>\n<p>Epsum factorial non deposit quid pro quo hic escorol.\u2026<\/p>\n<p>                                        <a href=\"http:\/\/scaff.bj\/psum-factorial-non-deposit\/\">Read More                                        <\/a><br \/>\n                                        <a href=\"http:\/\/scaff.bj\/psum-factorial-non-deposit\/#respond\">0<\/a><br \/>\n                            <img loading=\"lazy\" width=\"850\" height=\"620\" src=\"http:\/\/scaff.bj\/wp-content\/uploads\/2023\/07\/9-puczzzmgz7qq7h8fpapx45dufy4a99dofc4tt18hq0.jpg\" alt=\"\" decoding=\"async\" srcset=\"http:\/\/scaff.bj\/wp-content\/uploads\/2023\/07\/9-puczzzmgz7qq7h8fpapx45dufy4a99dofc4tt18hq0.jpg 850w, http:\/\/scaff.bj\/wp-content\/uploads\/2023\/07\/9-puczzzmgz7qq7h8fpapx45dufy4a99dofc4tt18hq0-300x219.jpg 300w, http:\/\/scaff.bj\/wp-content\/uploads\/2023\/07\/9-puczzzmgz7qq7h8fpapx45dufy4a99dofc4tt18hq0-768x560.jpg 768w, http:\/\/scaff.bj\/wp-content\/uploads\/2023\/07\/9-puczzzmgz7qq7h8fpapx45dufy4a99dofc4tt18hq0-615x450.jpg 615w\" sizes=\"auto, (max-width: 850px) 100vw, 850px\" \/>                        <\/p>\n<ul>\n<li><a href=\"http:\/\/scaff.bj\/author\/scaff\/\">scaff<\/a><\/li>\n<li>d\u00e9cembre 15, 2021<\/li>\n<\/ul>\n<h2><a href=\"http:\/\/scaff.bj\/epsum-factorial-non-deposit\/\">Epsum factorial non deposit<\/a><\/h2>\n<p>Epsum factorial non deposit quid pro quo hic escorol.\u2026<\/p>\n<p>                                        <a href=\"http:\/\/scaff.bj\/epsum-factorial-non-deposit\/\">Read More                                        <\/a><br \/>\n                                        <a href=\"http:\/\/scaff.bj\/epsum-factorial-non-deposit\/#respond\">0<\/a><br \/>\n                            <img loading=\"lazy\" width=\"1200\" height=\"600\" src=\"http:\/\/scaff.bj\/wp-content\/uploads\/2023\/07\/property-44-1200x600-1.jpg\" alt=\"\" decoding=\"async\" srcset=\"http:\/\/scaff.bj\/wp-content\/uploads\/2023\/07\/property-44-1200x600-1.jpg 1200w, http:\/\/scaff.bj\/wp-content\/uploads\/2023\/07\/property-44-1200x600-1-300x150.jpg 300w, http:\/\/scaff.bj\/wp-content\/uploads\/2023\/07\/property-44-1200x600-1-1024x512.jpg 1024w, http:\/\/scaff.bj\/wp-content\/uploads\/2023\/07\/property-44-1200x600-1-768x384.jpg 768w\" sizes=\"auto, (max-width: 1200px) 100vw, 1200px\" \/>                        <\/p>\n<ul>\n<li><a href=\"http:\/\/scaff.bj\/author\/scaff\/\">scaff<\/a><\/li>\n<li>d\u00e9cembre 15, 2021<\/li>\n<\/ul>\n<h2><a href=\"http:\/\/scaff.bj\/majority-of-students-dissatisfied\/\">Majority of students dissatisfied<\/a><\/h2>\n<p>Epsum factorial non deposit quid pro quo hic escorol.\u2026<\/p>\n<p>                                        <a href=\"http:\/\/scaff.bj\/majority-of-students-dissatisfied\/\">Read More                                        <\/a><br \/>\n                                        <a href=\"http:\/\/scaff.bj\/majority-of-students-dissatisfied\/#respond\">0<\/a>                                    <\/p>\n<ul>\n<li><a aria-current=\"page\">1<\/a><\/li>\n<li><a href=\"http:\/\/scaff.bj\/wp-admin\/admin-ajax.php\/page\/2\/\">2<\/a><\/li>\n<li><a href=\"http:\/\/scaff.bj\/wp-admin\/admin-ajax.php\/page\/2\/\"><\/a><\/li>\n<\/ul>\n<p>\t\t<!-- .navigation --><\/p>\n<style>\/*! elementor - v3.23.0 - 25-07-2024 *\/\n.elementor-widget-image{text-align:center}.elementor-widget-image a{display:inline-block}.elementor-widget-image a img[src$=\".svg\"]{width:48px}.elementor-widget-image img{vertical-align:middle;display:inline-block}<\/style>\n<p>\t\t\t\t\t\t\t\t\t\t<img loading=\"lazy\" decoding=\"async\" width=\"150\" height=\"150\" src=\"http:\/\/scaff.bj\/wp-content\/uploads\/2024\/08\/WhatsApp-Image-2024-08-26-at-17.10.25-3.jpeg\" alt=\"\" \/>\t\t\t\t\t\t\t\t\t\t\t\t\t<\/p>\n<p>Explorez nos services et d\u00e9couvrez comment SCAFF peut transformer vos projets en succ\u00e8s gr\u00e2ce \u00e0 notre expertise et notre engagement envers l&rsquo;excellence.<\/p>\n<style>\/*! elementor - v3.23.0 - 25-07-2024 *\/\n.elementor-heading-title{padding:0;margin:0;line-height:1}.elementor-widget-heading .elementor-heading-title[class*=elementor-size-]>a{color:inherit;font-size:inherit;line-height:inherit}.elementor-widget-heading .elementor-heading-title.elementor-size-small{font-size:15px}.elementor-widget-heading .elementor-heading-title.elementor-size-medium{font-size:19px}.elementor-widget-heading .elementor-heading-title.elementor-size-large{font-size:29px}.elementor-widget-heading .elementor-heading-title.elementor-size-xl{font-size:39px}.elementor-widget-heading .elementor-heading-title.elementor-size-xxl{font-size:59px}<\/style>\n<h2>Lien Utiles: <\/h2>\n<h2>Contact:<\/h2>\n<h2><\/h2>\n<ul>\n<li> <label>Cotonou, B\u00e9nin<\/label><\/li>\n<li> <label> scaff.contact@scaff.bj<\/label><\/li>\n<li> <label>www.scaff.bj<\/label><\/li>\n<li> <label>+229  97.60.62.99 \/ 47.93.46.12<\/label><\/li>\n<\/ul>\n","protected":false},"excerpt":{"rendered":"<p>scaff mai 15, 2023 Aviation Construction Reaching New Heights Epsum factorial non deposit quid pro quo hic escorol.\u2026 Read More 0 scaff mai 15, 2023 The Next Big Challenge for Marketer Epsum factorial non deposit quid pro quo hic escorol.\u2026 Read More 0 scaff mai 15, 2023 Modern prodigy electronics disassembling Apsum Apsum factorial nondeposit [&hellip;]<\/p>\n","protected":false},"author":1,"featured_media":0,"parent":0,"menu_order":0,"comment_status":"closed","ping_status":"closed","template":"blank-template.php","meta":{"footnotes":""},"class_list":["post-2457","page","type-page","status-publish","hentry"],"_links":{"self":[{"href":"https:\/\/scaff.bj\/index.php?rest_route=\/wp\/v2\/pages\/2457","targetHints":{"allow":["GET"]}}],"collection":[{"href":"https:\/\/scaff.bj\/index.php?rest_route=\/wp\/v2\/pages"}],"about":[{"href":"https:\/\/scaff.bj\/index.php?rest_route=\/wp\/v2\/types\/page"}],"author":[{"embeddable":true,"href":"https:\/\/scaff.bj\/index.php?rest_route=\/wp\/v2\/users\/1"}],"replies":[{"embeddable":true,"href":"https:\/\/scaff.bj\/index.php?rest_route=%2Fwp%2Fv2%2Fcomments&post=2457"}],"version-history":[{"count":28,"href":"https:\/\/scaff.bj\/index.php?rest_route=\/wp\/v2\/pages\/2457\/revisions"}],"predecessor-version":[{"id":7170,"href":"https:\/\/scaff.bj\/index.php?rest_route=\/wp\/v2\/pages\/2457\/revisions\/7170"}],"wp:attachment":[{"href":"https:\/\/scaff.bj\/index.php?rest_route=%2Fwp%2Fv2%2Fmedia&parent=2457"}],"curies":[{"name":"wp","href":"https:\/\/api.w.org\/{rel}","templated":true}]}}