{"id":3648,"date":"2021-12-16T13:06:14","date_gmt":"2021-12-16T13:06:14","guid":{"rendered":"https:\/\/banao.bikebuzzbd.com\/?page_id=317"},"modified":"2024-08-30T10:20:36","modified_gmt":"2024-08-30T10:20:36","slug":"apropos","status":"publish","type":"page","link":"https:\/\/scaff.bj\/?page_id=3648","title":{"rendered":"A propos"},"content":{"rendered":"<style>\/*! elementor - v3.23.0 - 25-07-2024 *\/\n.elementor-widget-image{text-align:center}.elementor-widget-image a{display:inline-block}.elementor-widget-image a img[src$=\".svg\"]{width:48px}.elementor-widget-image img{vertical-align:middle;display:inline-block}<\/style>\n<p>\t\t\t\t\t\t\t\t\t\t<img loading=\"lazy\" decoding=\"async\" width=\"463\" height=\"584\" src=\"http:\/\/scaff.bj\/wp-content\/uploads\/2023\/07\/11w.png\" alt=\"\" srcset=\"http:\/\/scaff.bj\/wp-content\/uploads\/2023\/07\/11w.png 463w, http:\/\/scaff.bj\/wp-content\/uploads\/2023\/07\/11w-238x300.png 238w\" sizes=\"auto, (max-width: 463px) 100vw, 463px\" \/>\t\t\t\t\t\t\t\t\t\t\t\t\t<\/p>\n<style>\/*! elementor - v3.23.0 - 25-07-2024 *\/\n.elementor-heading-title{padding:0;margin:0;line-height:1}.elementor-widget-heading .elementor-heading-title[class*=elementor-size-]>a{color:inherit;font-size:inherit;line-height:inherit}.elementor-widget-heading .elementor-heading-title.elementor-size-small{font-size:15px}.elementor-widget-heading .elementor-heading-title.elementor-size-medium{font-size:19px}.elementor-widget-heading .elementor-heading-title.elementor-size-large{font-size:29px}.elementor-widget-heading .elementor-heading-title.elementor-size-xl{font-size:39px}.elementor-widget-heading .elementor-heading-title.elementor-size-xxl{font-size:59px}<\/style>\n<h2>QUI SOMMES &#8211; NOUS ?<\/h2>\n<h3>D\u00e9couvrez l&rsquo;histoire et les valeurs de SCAFF.<\/h3>\n<p>Fond\u00e9e avec une vision claire et ambitieuse, SCAFF est une soci\u00e9t\u00e9 \u00e0 responsabilit\u00e9 limit\u00e9e (S.A.R.L.) engag\u00e9e dans divers secteurs d&rsquo;activit\u00e9s. Depuis nos d\u00e9buts, nous avons toujours cherch\u00e9 \u00e0 innover et \u00e0 offrir des services de la plus haute qualit\u00e9. Bas\u00e9e au B\u00e9nin et op\u00e9rant \u00e9galement \u00e0 l&rsquo;\u00e9tranger, notre soci\u00e9t\u00e9 se distingue par son expertise et son engagement envers l&rsquo;excellence.<\/p>\n<p>\t\t\t\t\t\t\t\tServices populaires<\/p>\n<h2>\n<p>De l&rsquo;immobilier \u00e0 la construction, en passant par la r\u00e9novation et l&rsquo;import-export, SCAFF vous offre des solutions sur mesure pour tous vos besoins.<\/p>\n<\/h2>\n<p>\t\t\t<a href=\"https:\/\/banao.bikebuzzbd.com\/service-one\/\"><br \/>\n\t\t\t\t\t\t\t\t\tNos Service<br \/>\n\t\t\t\t\t<\/a><br \/>\n\t\t\t\t<a href=\"\"><br \/>\n\t\t\t\t\t<img loading=\"lazy\" width=\"640\" height=\"467\" src=\"http:\/\/scaff.bj\/wp-content\/uploads\/2023\/07\/13-pud00756hw10scxihdyxo3hj7137yu7j4dcpn8xcc8.jpg\" alt=\"\" decoding=\"async\" srcset=\"http:\/\/scaff.bj\/wp-content\/uploads\/2023\/07\/13-pud00756hw10scxihdyxo3hj7137yu7j4dcpn8xcc8.jpg 850w, http:\/\/scaff.bj\/wp-content\/uploads\/2023\/07\/13-pud00756hw10scxihdyxo3hj7137yu7j4dcpn8xcc8-300x219.jpg 300w, http:\/\/scaff.bj\/wp-content\/uploads\/2023\/07\/13-pud00756hw10scxihdyxo3hj7137yu7j4dcpn8xcc8-768x560.jpg 768w, http:\/\/scaff.bj\/wp-content\/uploads\/2023\/07\/13-pud00756hw10scxihdyxo3hj7137yu7j4dcpn8xcc8-615x450.jpg 615w\" sizes=\"auto, (max-width: 640px) 100vw, 640px\" \/>\t\t\t\t<\/a><\/p>\n<h2>Entretien et de nettoyage<\/h2>\n<p>\t\t\t\t<a href=\"\">Voir plus<\/a><br \/>\n\t\t\t\t<a href=\"\"><br \/>\n\t\t\t\t\t<img loading=\"lazy\" width=\"640\" height=\"467\" src=\"http:\/\/scaff.bj\/wp-content\/uploads\/2023\/07\/9-puczzzmgz7qq7h8fpapx45dufy4a99dofc4tt18hq0.jpg\" alt=\"\" decoding=\"async\" srcset=\"http:\/\/scaff.bj\/wp-content\/uploads\/2023\/07\/9-puczzzmgz7qq7h8fpapx45dufy4a99dofc4tt18hq0.jpg 850w, http:\/\/scaff.bj\/wp-content\/uploads\/2023\/07\/9-puczzzmgz7qq7h8fpapx45dufy4a99dofc4tt18hq0-300x219.jpg 300w, http:\/\/scaff.bj\/wp-content\/uploads\/2023\/07\/9-puczzzmgz7qq7h8fpapx45dufy4a99dofc4tt18hq0-768x560.jpg 768w, http:\/\/scaff.bj\/wp-content\/uploads\/2023\/07\/9-puczzzmgz7qq7h8fpapx45dufy4a99dofc4tt18hq0-615x450.jpg 615w\" sizes=\"auto, (max-width: 640px) 100vw, 640px\" \/>\t\t\t\t<\/a><\/p>\n<h2>Activit\u00e9s immobili\u00e8res<\/h2>\n<p>\t\t\t\t<a href=\"\">Voir plus<\/a><br \/>\n\t\t\t\t<a href=\"\"><br \/>\n\t\t\t\t\t<img loading=\"lazy\" width=\"460\" height=\"300\" src=\"http:\/\/scaff.bj\/wp-content\/uploads\/2023\/07\/list-half-map-image-3-460x300-1.jpg\" alt=\"\" decoding=\"async\" srcset=\"http:\/\/scaff.bj\/wp-content\/uploads\/2023\/07\/list-half-map-image-3-460x300-1.jpg 460w, http:\/\/scaff.bj\/wp-content\/uploads\/2023\/07\/list-half-map-image-3-460x300-1-300x196.jpg 300w\" sizes=\"auto, (max-width: 460px) 100vw, 460px\" \/>\t\t\t\t<\/a><\/p>\n<h2>R\u00e9novation et construction<\/h2>\n<p>\t\t\t\t<a href=\"\">Voir plus<\/a><br \/>\n\t\t\t\t<a href=\"https:\/\/banao.bikebuzzbd.com\/furniture-decor\/\"><br \/>\n\t\t\t\t\t<img loading=\"lazy\" width=\"460\" height=\"300\" src=\"http:\/\/scaff.bj\/wp-content\/uploads\/2023\/07\/list-sidebar-img-1-460x300-1.jpg\" alt=\"\" decoding=\"async\" srcset=\"http:\/\/scaff.bj\/wp-content\/uploads\/2023\/07\/list-sidebar-img-1-460x300-1.jpg 460w, http:\/\/scaff.bj\/wp-content\/uploads\/2023\/07\/list-sidebar-img-1-460x300-1-300x196.jpg 300w\" sizes=\"auto, (max-width: 460px) 100vw, 460px\" \/>\t\t\t\t<\/a><\/p>\n<h2>Fournitures <\/h2>\n<p>\t\t\t\t<a href=\"https:\/\/banao.bikebuzzbd.com\/furniture-decor\/\">Voir plus<\/a><br \/>\n\t\t\t\t<a href=\"\"><br \/>\n\t\t\t\t\t<img loading=\"lazy\" width=\"460\" height=\"300\" src=\"http:\/\/scaff.bj\/wp-content\/uploads\/2023\/07\/list-sidebar-img-2-460x300-1.jpg\" alt=\"\" decoding=\"async\" srcset=\"http:\/\/scaff.bj\/wp-content\/uploads\/2023\/07\/list-sidebar-img-2-460x300-1.jpg 460w, http:\/\/scaff.bj\/wp-content\/uploads\/2023\/07\/list-sidebar-img-2-460x300-1-300x196.jpg 300w\" sizes=\"auto, (max-width: 460px) 100vw, 460px\" \/>\t\t\t\t<\/a><\/p>\n<h2>Import-export<\/h2>\n<p>\t\t\t\t<a href=\"\">Voir plus<\/a><br \/>\n\t\t\t\t<a href=\"\"><br \/>\n\t\t\t\t\t<img loading=\"lazy\" width=\"370\" height=\"210\" src=\"http:\/\/scaff.bj\/wp-content\/uploads\/2023\/07\/Layer-649.png\" alt=\"\" decoding=\"async\" srcset=\"http:\/\/scaff.bj\/wp-content\/uploads\/2023\/07\/Layer-649.png 370w, http:\/\/scaff.bj\/wp-content\/uploads\/2023\/07\/Layer-649-300x170.png 300w\" sizes=\"auto, (max-width: 370px) 100vw, 370px\" \/>\t\t\t\t<\/a><\/p>\n<h2>Consultation<\/h2>\n<p>\t\t\t\t<a href=\"\">Voir plus<\/a><br \/>\n\t\t\t\t\t\t\t\tNos projets<br \/>\n\t\t\t\t\t\t\t\t<a href=\"http:\/\/scaff.bj\/project\/furniture-design\/\"><img loading=\"lazy\" width=\"615\" height=\"450\" src=\"http:\/\/scaff.bj\/wp-content\/uploads\/2023\/07\/44-615x450.jpg\" alt=\"\" decoding=\"async\" \/><\/a><br \/>\n\t\t\t\t\t\t\t\t\t\tbooking, house-renovation<\/p>\n<h5><a href=\"http:\/\/scaff.bj\/project\/furniture-design\/\">Furniture design<\/a><\/h5>\n<p>\t\t\t\t\t\t\t\t<a href=\"http:\/\/scaff.bj\/project\/industrial-business\/\"><img loading=\"lazy\" width=\"615\" height=\"450\" src=\"http:\/\/scaff.bj\/wp-content\/uploads\/2023\/07\/333-615x450.jpg\" alt=\"\" decoding=\"async\" \/><\/a><br \/>\n\t\t\t\t\t\t\t\t\t\tbooking, house-renovation<\/p>\n<h5><a href=\"http:\/\/scaff.bj\/project\/industrial-business\/\">Industrial Business<\/a><\/h5>\n<p>\t\t\t\t\t\t\t\t<a href=\"http:\/\/scaff.bj\/project\/office-design\/\"><img loading=\"lazy\" width=\"615\" height=\"450\" src=\"http:\/\/scaff.bj\/wp-content\/uploads\/2023\/07\/Gallerys-1-1-e1689606543750-615x450.jpg\" alt=\"\" decoding=\"async\" \/><\/a><br \/>\n\t\t\t\t\t\t\t\t\t\tbooking, house-renovation<\/p>\n<h5><a href=\"http:\/\/scaff.bj\/project\/office-design\/\">Office Design<\/a><\/h5>\n<p>\t\t\t\t\t\t\t\t<a href=\"http:\/\/scaff.bj\/project\/victory-palace\/\"><img loading=\"lazy\" width=\"615\" height=\"450\" src=\"http:\/\/scaff.bj\/wp-content\/uploads\/2023\/07\/property-17-1200x600-1-615x450.jpg\" alt=\"\" decoding=\"async\" \/><\/a><br \/>\n\t\t\t\t\t\t\t\t\t\tbooking, house-renovation<\/p>\n<h5><a href=\"http:\/\/scaff.bj\/project\/victory-palace\/\">Victory Palace<\/a><\/h5>\n<p>\t\t\t\t\t\t\t\t<a href=\"http:\/\/scaff.bj\/project\/design-build\/\"><img loading=\"lazy\" width=\"615\" height=\"450\" src=\"http:\/\/scaff.bj\/wp-content\/uploads\/2023\/07\/gallary_image_10_large-615x450.jpg\" alt=\"\" decoding=\"async\" \/><\/a><br \/>\n\t\t\t\t\t\t\t\t\t\tbooking, house-renovation<\/p>\n<h5><a href=\"http:\/\/scaff.bj\/project\/design-build\/\">Design &#038; Build<\/a><\/h5>\n<p>\t\t\t\t\t\t\t\t<a href=\"http:\/\/scaff.bj\/project\/decorative-plants\/\"><img loading=\"lazy\" width=\"610\" height=\"450\" src=\"http:\/\/scaff.bj\/wp-content\/uploads\/2023\/07\/bedroom.jpg\" alt=\"\" decoding=\"async\" srcset=\"http:\/\/scaff.bj\/wp-content\/uploads\/2023\/07\/bedroom.jpg 610w, http:\/\/scaff.bj\/wp-content\/uploads\/2023\/07\/bedroom-300x221.jpg 300w\" sizes=\"auto, (max-width: 610px) 100vw, 610px\" \/><\/a><br \/>\n\t\t\t\t\t\t\t\t\t\tbooking, house-renovation<\/p>\n<h5><a href=\"http:\/\/scaff.bj\/project\/decorative-plants\/\">Decorative Plants<\/a><\/h5>\n<p>\t\t\t        <img decoding=\"async\" src=\"https:\/\/banao.bikebuzzbd.com\/wp-content\/uploads\/2023\/07\/rotate-2.png\" alt=\"banao\" style=\"top:209px;left:4px;-webkit-animation-duration:9s; animation-duration: 9s;-webkit-animation-name:shapeMover;\n            animation-name: shapeMover;\" ><br \/>\n\t\t\t\t\t\t\t\t\t\t\t\t\t<img loading=\"lazy\" decoding=\"async\" width=\"376\" height=\"844\" src=\"http:\/\/scaff.bj\/wp-content\/uploads\/2023\/07\/yty.png.png\" alt=\"\" srcset=\"http:\/\/scaff.bj\/wp-content\/uploads\/2023\/07\/yty.png.png 376w, http:\/\/scaff.bj\/wp-content\/uploads\/2023\/07\/yty.png-134x300.png 134w\" sizes=\"auto, (max-width: 376px) 100vw, 376px\" \/>\t\t\t\t\t\t\t\t\t\t\t\t\t<\/p>\n<h2>\u00c0 propos de nous<\/h2>\n<h2>Notre Vision et Nos Valeurs<\/h2>\n<p>D\u00e9couvrez notre mission, nos valeurs et l&rsquo;\u00e9quipe d\u00e9vou\u00e9e qui fait de SCAFF un leader de confiance dans notre secteur.<\/p>\n<style>\/*! elementor - v3.23.0 - 25-07-2024 *\/\n.elementor-toggle{text-align:start}.elementor-toggle .elementor-tab-title{font-weight:700;line-height:1;margin:0;padding:15px;border-bottom:1px solid #d5d8dc;cursor:pointer;outline:none}.elementor-toggle .elementor-tab-title .elementor-toggle-icon{display:inline-block;width:1em}.elementor-toggle .elementor-tab-title .elementor-toggle-icon svg{margin-inline-start:-5px;width:1em;height:1em}.elementor-toggle .elementor-tab-title .elementor-toggle-icon.elementor-toggle-icon-right{float:right;text-align:right}.elementor-toggle .elementor-tab-title .elementor-toggle-icon.elementor-toggle-icon-left{float:left;text-align:left}.elementor-toggle .elementor-tab-title .elementor-toggle-icon .elementor-toggle-icon-closed{display:block}.elementor-toggle .elementor-tab-title .elementor-toggle-icon .elementor-toggle-icon-opened{display:none}.elementor-toggle .elementor-tab-title.elementor-active{border-bottom:none}.elementor-toggle .elementor-tab-title.elementor-active .elementor-toggle-icon-closed{display:none}.elementor-toggle .elementor-tab-title.elementor-active .elementor-toggle-icon-opened{display:block}.elementor-toggle .elementor-tab-content{padding:15px;border-bottom:1px solid #d5d8dc;display:none}@media (max-width:767px){.elementor-toggle .elementor-tab-title{padding:12px}.elementor-toggle .elementor-tab-content{padding:12px 10px}}.e-con-inner>.elementor-widget-toggle,.e-con>.elementor-widget-toggle{width:var(--container-widget-width);--flex-grow:var(--container-widget-flex-grow)}<\/style>\n<p>\t\t\t\t\t\t\t\t<svg viewBox=\"0 0 512 512\" xmlns=\"http:\/\/www.w3.org\/2000\/svg\"><path d=\"M256 8C119 8 8 119 8 256s111 248 248 248 248-111 248-248S393 8 256 8zM124 296c-6.6 0-12-5.4-12-12v-56c0-6.6 5.4-12 12-12h264c6.6 0 12 5.4 12 12v56c0 6.6-5.4 12-12 12H124z\"><\/path><\/svg><br \/>\n\t\t\t\t\t\t\t\t\t\t\t\t<a tabindex=\"0\">Notre Mission<\/a><\/p>\n<p>Chez <strong>SCAFF<\/strong>, notre mission est de transformer vos id\u00e9es en r\u00e9alit\u00e9. Nous nous engageons \u00e0 fournir des solutions sur mesure adapt\u00e9es aux besoins sp\u00e9cifiques de nos clients. Notre objectif est d&rsquo;assurer la satisfaction totale de nos clients en offrant des services exceptionnels dans les domaines de l&rsquo;immobilier, de la construction, de la r\u00e9novation, et bien plus encore.<\/p>\n<p>\t\t\t\t\t\t\t\t<svg viewBox=\"0 0 512 512\" xmlns=\"http:\/\/www.w3.org\/2000\/svg\"><path d=\"M256 8C119 8 8 119 8 256s111 248 248 248 248-111 248-248S393 8 256 8zM124 296c-6.6 0-12-5.4-12-12v-56c0-6.6 5.4-12 12-12h264c6.6 0 12 5.4 12 12v56c0 6.6-5.4 12-12 12H124z\"><\/path><\/svg><br \/>\n\t\t\t\t\t\t\t\t\t\t\t\t<a tabindex=\"0\">Nos Valeurs<\/a><\/p>\n<ul>\n<li><strong>Excellence :<\/strong> Nous nous effor\u00e7ons d&rsquo;atteindre les plus hauts standards de qualit\u00e9 dans tout ce que nous entreprenons.<\/li>\n<li><strong>Innovation :<\/strong> Nous croyons en l&rsquo;importance de l&rsquo;innovation pour offrir des solutions modernes et efficaces.<\/li>\n<li><strong>Engagement :<\/strong> Nous sommes enti\u00e8rement d\u00e9vou\u00e9s \u00e0 la satisfaction de nos clients et \u00e0 la r\u00e9ussite de leurs projets.<\/li>\n<li><strong>Int\u00e9grit\u00e9 :<\/strong> Nous agissons avec honn\u00eatet\u00e9 et transparence dans toutes nos interactions professionnelles.<\/li>\n<\/ul>\n<p>\t\t\t\t\t\t\t\t<svg viewBox=\"0 0 512 512\" xmlns=\"http:\/\/www.w3.org\/2000\/svg\"><path d=\"M256 8C119 8 8 119 8 256s111 248 248 248 248-111 248-248S393 8 256 8zM124 296c-6.6 0-12-5.4-12-12v-56c0-6.6 5.4-12 12-12h264c6.6 0 12 5.4 12 12v56c0 6.6-5.4 12-12 12H124z\"><\/path><\/svg><br \/>\n\t\t\t\t\t\t\t\t\t\t\t\t<a tabindex=\"0\">Notre \u00c9quipe<\/a><\/p>\n<p>Notre \u00e9quipe est compos\u00e9e de professionnels exp\u00e9riment\u00e9s et passionn\u00e9s par leur m\u00e9tier. Chaque membre de <strong>SCAFF<\/strong> apporte une expertise unique et un engagement profond envers l&rsquo;excellence. Ensemble, nous travaillons pour garantir la r\u00e9ussite de chaque projet que nous entreprenons.<\/p>\n<p>\t\t\t\t\t\t\t\t<svg viewBox=\"0 0 512 512\" xmlns=\"http:\/\/www.w3.org\/2000\/svg\"><path d=\"M256 8C119 8 8 119 8 256s111 248 248 248 248-111 248-248S393 8 256 8zM124 296c-6.6 0-12-5.4-12-12v-56c0-6.6 5.4-12 12-12h264c6.6 0 12 5.4 12 12v56c0 6.6-5.4 12-12 12H124z\"><\/path><\/svg><br \/>\n\t\t\t\t\t\t\t\t\t\t\t\t<a tabindex=\"0\">Engagement envers la Communaut\u00e9<\/a><\/p>\n<p>Nous croyons fermement en l&rsquo;importance de redonner \u00e0 la communaut\u00e9. <strong>SCAFF<\/strong> est impliqu\u00e9 dans diverses initiatives communautaires et projets de d\u00e9veloppement durable pour contribuer positivement \u00e0 la soci\u00e9t\u00e9.<\/p>\n<p>\t\t\t\t\t\t\t\t<svg viewBox=\"0 0 512 512\" xmlns=\"http:\/\/www.w3.org\/2000\/svg\"><path d=\"M256 8C119 8 8 119 8 256s111 248 248 248 248-111 248-248S393 8 256 8zM124 296c-6.6 0-12-5.4-12-12v-56c0-6.6 5.4-12 12-12h264c6.6 0 12 5.4 12 12v56c0 6.6-5.4 12-12 12H124z\"><\/path><\/svg><br \/>\n\t\t\t\t\t\t\t\t\t\t\t\t<a tabindex=\"0\">Mat\u00e9riaux de Qualit\u00e9<\/a><\/p>\n<p>Chez <strong>SCAFF<\/strong>, nous utilisons uniquement des mat\u00e9riaux de la plus haute qualit\u00e9 pour garantir la durabilit\u00e9 et l&rsquo;excellence de tous nos projets.<\/p>\n<p>\t\t\t\t\t\t\t\t\t\t\t\t\t<img loading=\"lazy\" decoding=\"async\" width=\"110\" height=\"110\" src=\"http:\/\/scaff.bj\/wp-content\/uploads\/2024\/08\/WhatsApp-Image-2024-08-26-at-17.10.25-2.jpeg\" alt=\"\" \/>\t\t\t\t\t\t\t\t\t\t\t\t\t<\/p>\n<p>Explorez nos services et d\u00e9couvrez comment SCAFF peut transformer vos projets en succ\u00e8s gr\u00e2ce \u00e0 notre expertise et notre engagement envers l\u2019excellence.<\/p>\n<h2>Lien Utiles:<\/h2>\n<h2>Contact:<\/h2>\n<h2><\/h2>\n<ul>\n<li> <label>Cotonou, B\u00e9nin<\/label><\/li>\n<li> <label> scaff.contact@scaff.bj<\/label><\/li>\n<li> <label>www.scaff.bj<\/label><\/li>\n<li> <label>+229  97.60.62.99 \/ 47.93.46.12<\/label><\/li>\n<\/ul>\n","protected":false},"excerpt":{"rendered":"<p>QUI SOMMES &#8211; NOUS ? D\u00e9couvrez l&rsquo;histoire et les valeurs de SCAFF. Fond\u00e9e avec une vision claire et ambitieuse, SCAFF est une soci\u00e9t\u00e9 \u00e0 responsabilit\u00e9 limit\u00e9e (S.A.R.L.) engag\u00e9e dans divers secteurs d&rsquo;activit\u00e9s. Depuis nos d\u00e9buts, nous avons toujours cherch\u00e9 \u00e0 innover et \u00e0 offrir des services de la plus haute qualit\u00e9. Bas\u00e9e au B\u00e9nin et [&hellip;]<\/p>\n","protected":false},"author":1,"featured_media":0,"parent":0,"menu_order":0,"comment_status":"closed","ping_status":"closed","template":"blank-template.php","meta":{"footnotes":""},"class_list":["post-3648","page","type-page","status-publish","hentry"],"_links":{"self":[{"href":"https:\/\/scaff.bj\/index.php?rest_route=\/wp\/v2\/pages\/3648","targetHints":{"allow":["GET"]}}],"collection":[{"href":"https:\/\/scaff.bj\/index.php?rest_route=\/wp\/v2\/pages"}],"about":[{"href":"https:\/\/scaff.bj\/index.php?rest_route=\/wp\/v2\/types\/page"}],"author":[{"embeddable":true,"href":"https:\/\/scaff.bj\/index.php?rest_route=\/wp\/v2\/users\/1"}],"replies":[{"embeddable":true,"href":"https:\/\/scaff.bj\/index.php?rest_route=%2Fwp%2Fv2%2Fcomments&post=3648"}],"version-history":[{"count":47,"href":"https:\/\/scaff.bj\/index.php?rest_route=\/wp\/v2\/pages\/3648\/revisions"}],"predecessor-version":[{"id":7167,"href":"https:\/\/scaff.bj\/index.php?rest_route=\/wp\/v2\/pages\/3648\/revisions\/7167"}],"wp:attachment":[{"href":"https:\/\/scaff.bj\/index.php?rest_route=%2Fwp%2Fv2%2Fmedia&parent=3648"}],"curies":[{"name":"wp","href":"https:\/\/api.w.org\/{rel}","templated":true}]}}