{"id":3806,"date":"2021-12-16T15:07:33","date_gmt":"2021-12-16T15:07:33","guid":{"rendered":"https:\/\/banao.bikebuzzbd.com\/?page_id=406"},"modified":"2024-08-30T10:25:12","modified_gmt":"2024-08-30T10:25:12","slug":"contact","status":"publish","type":"page","link":"https:\/\/scaff.bj\/?page_id=3806","title":{"rendered":"Contact"},"content":{"rendered":"<p>[contact-form-7 id=\u00a0\u00bbd9eece5&Prime; title=\u00a0\u00bbContact form 1&Prime;]<\/p>\n<p>\t\t\t\t\t\t\t\tNos Services<\/p>\n<h2>\n<p>Nous travaillons de mani\u00e8re cr\u00e9ative et sp\u00e9cialement pour vous.<\/p>\n<\/h2>\n<h3>\n\t\t\t\t\t\t\t\t\t\t\t\t\t<a href=\"\">Adresse de l\u2019entreprise<\/a><br \/>\n\t\t\t\t\t\t<\/h3>\n<p>Cotonou B\u00e9nin\u00a0<\/p>\n<h3>\n\t\t\t\t\t\t\t\t\t\t\t\t\t<a href=\"\">E-mail <\/a><br \/>\n\t\t\t\t\t\t<\/h3>\n<p>cossi112000@gmail.com<\/p>\n<h3>\n\t\t\t\t\t\t\t\t\t\t\t\t\t<a href=\"\">Contact <\/a><br \/>\n\t\t\t\t\t\t<\/h3>\n<p>+229 97 60 89 62<\/p>\n<style>\/*! elementor - v3.23.0 - 25-07-2024 *\/\n.elementor-widget-google_maps .elementor-widget-container{overflow:hidden}.elementor-widget-google_maps .elementor-custom-embed{line-height:0}.elementor-widget-google_maps iframe{height:300px}<\/style>\n<p>\t\t\t<iframe loading=\"lazy\"\n\t\t\t\t\tsrc=\"https:\/\/maps.google.com\/maps?q=Cotonou%2C%20B%C3%A9nin&#038;t=m&#038;z=10&#038;output=embed&#038;iwloc=near\"\n\t\t\t\t\ttitle=\"Cotonou, B\u00e9nin\"\n\t\t\t\t\taria-label=\"Cotonou, B\u00e9nin\"\n\t\t\t><\/iframe><\/p>\n<style>\/*! elementor - v3.23.0 - 25-07-2024 *\/\n.elementor-widget-image{text-align:center}.elementor-widget-image a{display:inline-block}.elementor-widget-image a img[src$=\".svg\"]{width:48px}.elementor-widget-image img{vertical-align:middle;display:inline-block}<\/style>\n<p>\t\t\t\t\t\t\t\t\t\t<img loading=\"lazy\" decoding=\"async\" width=\"110\" height=\"110\" src=\"http:\/\/scaff.bj\/wp-content\/uploads\/2024\/08\/WhatsApp-Image-2024-08-26-at-17.10.25-2.jpeg\" alt=\"\" \/>\t\t\t\t\t\t\t\t\t\t\t\t\t<\/p>\n<p>Explorez nos services et d\u00e9couvrez comment SCAFF peut transformer vos projets en succ\u00e8s gr\u00e2ce \u00e0 notre expertise et notre engagement envers l&rsquo;excellence.<\/p>\n<style>\/*! elementor - v3.23.0 - 25-07-2024 *\/\n.elementor-heading-title{padding:0;margin:0;line-height:1}.elementor-widget-heading .elementor-heading-title[class*=elementor-size-]>a{color:inherit;font-size:inherit;line-height:inherit}.elementor-widget-heading .elementor-heading-title.elementor-size-small{font-size:15px}.elementor-widget-heading .elementor-heading-title.elementor-size-medium{font-size:19px}.elementor-widget-heading .elementor-heading-title.elementor-size-large{font-size:29px}.elementor-widget-heading .elementor-heading-title.elementor-size-xl{font-size:39px}.elementor-widget-heading .elementor-heading-title.elementor-size-xxl{font-size:59px}<\/style>\n<h2>Lien Utiles:<\/h2>\n<h2>Contact <\/h2>\n<h2><\/h2>\n<ul>\n<li> <label>Cotonou, B\u00e9nin<\/label><\/li>\n<li> <label> scaff.contact@scaff.bj<\/label><\/li>\n<li> <label>www.scaff.bj<\/label><\/li>\n<li> <label>+229  97.60.62.99 \/ 47.93.46.12<\/label><\/li>\n<\/ul>\n","protected":false},"excerpt":{"rendered":"<p>[contact-form-7 id=\u00a0\u00bbd9eece5&Prime; title=\u00a0\u00bbContact form 1&Prime;] Nos Services Nous travaillons de mani\u00e8re cr\u00e9ative et sp\u00e9cialement pour vous. Adresse de l\u2019entreprise Cotonou B\u00e9nin\u00a0 E-mail cossi112000@gmail.com Contact +229 97 60 89 62 Explorez nos services et d\u00e9couvrez comment SCAFF peut transformer vos projets en succ\u00e8s gr\u00e2ce \u00e0 notre expertise et notre engagement envers l&rsquo;excellence. Lien Utiles: Contact Cotonou, [&hellip;]<\/p>\n","protected":false},"author":1,"featured_media":0,"parent":0,"menu_order":0,"comment_status":"closed","ping_status":"closed","template":"blank-template.php","meta":{"footnotes":""},"class_list":["post-3806","page","type-page","status-publish","hentry"],"_links":{"self":[{"href":"https:\/\/scaff.bj\/index.php?rest_route=\/wp\/v2\/pages\/3806","targetHints":{"allow":["GET"]}}],"collection":[{"href":"https:\/\/scaff.bj\/index.php?rest_route=\/wp\/v2\/pages"}],"about":[{"href":"https:\/\/scaff.bj\/index.php?rest_route=\/wp\/v2\/types\/page"}],"author":[{"embeddable":true,"href":"https:\/\/scaff.bj\/index.php?rest_route=\/wp\/v2\/users\/1"}],"replies":[{"embeddable":true,"href":"https:\/\/scaff.bj\/index.php?rest_route=%2Fwp%2Fv2%2Fcomments&post=3806"}],"version-history":[{"count":26,"href":"https:\/\/scaff.bj\/index.php?rest_route=\/wp\/v2\/pages\/3806\/revisions"}],"predecessor-version":[{"id":7173,"href":"https:\/\/scaff.bj\/index.php?rest_route=\/wp\/v2\/pages\/3806\/revisions\/7173"}],"wp:attachment":[{"href":"https:\/\/scaff.bj\/index.php?rest_route=%2Fwp%2Fv2%2Fmedia&parent=3806"}],"curies":[{"name":"wp","href":"https:\/\/api.w.org\/{rel}","templated":true}]}}