{"id":5335,"date":"2023-07-05T06:47:25","date_gmt":"2023-07-05T06:47:25","guid":{"rendered":"https:\/\/banao.bikebuzzbd.com\/?page_id=5335"},"modified":"2024-08-30T10:18:34","modified_gmt":"2024-08-30T10:18:34","slug":"accueil","status":"publish","type":"page","link":"https:\/\/scaff.bj\/","title":{"rendered":"Accueil"},"content":{"rendered":"<p>Votre Partenaire Immobilier<\/p>\n<p>D\u00e9couvrez des opportunit\u00e9s exceptionnelles avec SCAFF. Transformez vos projets immobiliers en succ\u00e8s !<\/p>\n<p>\t\t\t\t\t\t\t\t\t<a href=\"\" data-animation=\"fadeInUp\" data-delay=\"1s\">Voir plus<br \/>\n\t\t\t\t\t\t\t\t\t<\/a><br \/>\n\t\t\t\t                        \t<a href=\"\"><br \/>\n\t\t\t\t                        \t<\/a><\/p>\n<p>Excellence en Construction<\/p>\n<p>Faites confiance \u00e0 SCAFF pour des constructions et r\u00e9novations de haute qualit\u00e9. Votre vision, notre expertise.<\/p>\n<p>\u00a0<\/p>\n<p>\t\t\t\t\t\t\t\t\t<a href=\"\" data-animation=\"fadeInLeft\" data-delay=\"1s\">Read More<br \/>\n\t\t\t\t\t\t\t\t\t<\/a><br \/>\n\t\t\t\t                        \t<a href=\"\"><br \/>\n\t\t\t\t                        \t<\/a><\/p>\n<p>\u00a0Solutions de G\u00e9nie Civil<\/p>\n<p>SCAFF r\u00e9alise des infrastructures durables et innovantes. Ensemble, b\u00e2tissons l&rsquo;avenir.<\/p>\n<p>\t\t\t\t\t\t\t\t\t<a href=\"\" data-animation=\"fadeInLeft\" data-delay=\"1s\">Read More<br \/>\n\t\t\t\t\t\t\t\t\t<\/a><br \/>\n\t\t\t\t                        \t<a href=\"\"><br \/>\n\t\t\t\t                        \t<\/a><\/p>\n<p>Des Solutions de T\u00e9l\u00e9communications \u00e0 la Pointe de la Technologie<\/p>\n<p><strong>Assurez la performance et la fiabilit\u00e9 de vos communications avec nos infrastructures de t\u00e9l\u00e9communications de haute qualit\u00e9.<\/strong><\/p>\n<p>\t\t\t\t\t\t\t\t\t<a href=\"\" data-animation=\"fadeInUp\" data-delay=\"1s\">Voir plus<br \/>\n\t\t\t\t\t\t\t\t\t<\/a><br \/>\n\t\t\t\t                        \t<a href=\"\"><br \/>\n\t\t\t\t                        \t<\/a><\/p>\n<h3>La cybercriminalit\u00e9<\/h3>\n<p>La cybercriminalit\u00e9 \u00e9volue constamment, mais avec les bonnes mesures de s\u00e9curit\u00e9, vous pouvez pr\u00e9venir les attaques et s\u00e9curiser vos donn\u00e9es sensibles.<\/p>\n<p>\t\t\t\t\t\t\t\t<a href=\"\"><\/a><\/p>\n<h3>Solutions de t\u00e9l\u00e9communications avanc\u00e9es<\/h3>\n<p>Optimisez vos communications avec des infrastructures de t\u00e9l\u00e9communications fiables et performantes, con\u00e7ues pour vous garder connect\u00e9 en toute circonstance.<\/p>\n<p>\t\t\t\t\t\t\t\t<a href=\"\"><\/a><\/p>\n<h3>Solutions Immobili\u00e8res Compl\u00e8tes<\/h3>\n<p>De l&#039;achat \u00e0 la gestion de biens, SCAFF offre des solutions immobili\u00e8res sur mesure pour r\u00e9pondre \u00e0 tous vos besoins.<\/p>\n<p>\t\t\t\t\t\t\t\t<a href=\"\"><\/a><\/p>\n<h3>Services de Consultation Efficaces<br \/>\n<\/h3>\n<p>Optimisez vos investissements avec nos services de consultation. Des strat\u00e9gies personnalis\u00e9es pour des r\u00e9sultats durables.<\/p>\n<p>\t\t\t\t\t\t\t\t<a href=\"\"><\/a><\/p>\n<style>\/*! elementor - v3.23.0 - 25-07-2024 *\/\n.elementor-widget-image{text-align:center}.elementor-widget-image a{display:inline-block}.elementor-widget-image a img[src$=\".svg\"]{width:48px}.elementor-widget-image img{vertical-align:middle;display:inline-block}<\/style>\n<p>\t\t\t\t\t\t\t\t\t\t<img loading=\"lazy\" decoding=\"async\" width=\"2560\" height=\"1707\" src=\"http:\/\/scaff.bj\/wp-content\/uploads\/2024\/08\/happy-black-businesswoman-front-whiteboard-business-presentation-min-scaled.jpg\" alt=\"\" srcset=\"http:\/\/scaff.bj\/wp-content\/uploads\/2024\/08\/happy-black-businesswoman-front-whiteboard-business-presentation-min-scaled.jpg 2560w, http:\/\/scaff.bj\/wp-content\/uploads\/2024\/08\/happy-black-businesswoman-front-whiteboard-business-presentation-min-300x200.jpg 300w, http:\/\/scaff.bj\/wp-content\/uploads\/2024\/08\/happy-black-businesswoman-front-whiteboard-business-presentation-min-1024x683.jpg 1024w, http:\/\/scaff.bj\/wp-content\/uploads\/2024\/08\/happy-black-businesswoman-front-whiteboard-business-presentation-min-768x512.jpg 768w, http:\/\/scaff.bj\/wp-content\/uploads\/2024\/08\/happy-black-businesswoman-front-whiteboard-business-presentation-min-1536x1024.jpg 1536w, http:\/\/scaff.bj\/wp-content\/uploads\/2024\/08\/happy-black-businesswoman-front-whiteboard-business-presentation-min-2048x1365.jpg 2048w\" sizes=\"auto, (max-width: 2560px) 100vw, 2560px\" \/>\t\t\t\t\t\t\t\t\t\t\t\t\t<\/p>\n<style>\/*! elementor - v3.23.0 - 25-07-2024 *\/\n.elementor-heading-title{padding:0;margin:0;line-height:1}.elementor-widget-heading .elementor-heading-title[class*=elementor-size-]>a{color:inherit;font-size:inherit;line-height:inherit}.elementor-widget-heading .elementor-heading-title.elementor-size-small{font-size:15px}.elementor-widget-heading .elementor-heading-title.elementor-size-medium{font-size:19px}.elementor-widget-heading .elementor-heading-title.elementor-size-large{font-size:29px}.elementor-widget-heading .elementor-heading-title.elementor-size-xl{font-size:39px}.elementor-widget-heading .elementor-heading-title.elementor-size-xxl{font-size:59px}<\/style>\n<h2>QUI SOMMES &#8211; NOUS  ?<\/h2>\n<h2>D\u00e9couvrez l&rsquo;histoire et les valeurs de SCAFF.<\/h2>\n<p>Fond\u00e9e avec une vision de qualit\u00e9 et d&rsquo;excellence, <strong>SCAFF<\/strong> s&rsquo;engage \u00e0 fournir des services exceptionnels dans les secteurs suivants :<\/p>\n<ul>\n<li>T\u00e9l\u00e9communications<\/li>\n<li>Commercialisation et r\u00e9paration des engins lourds<\/li>\n<li>R\u00e9novation et construction de b\u00e2timents<\/li>\n<li>Equipements de cybercriminalit\u00e9<\/li>\n<li>Travaux publics et g\u00e9nie civil<\/li>\n<li>Consultation en am\u00e9lioration de processus<\/li>\n<li>Fournitures de mat\u00e9riels informatiques et mobiliers de bureau<\/li>\n<li>Services d&rsquo;entretien et de nettoyage<\/li>\n<li>Import-export<\/li>\n<\/ul>\n<p>Notre mission est de transformer vos id\u00e9es en r\u00e9alit\u00e9 gr\u00e2ce \u00e0 notre expertise et notre d\u00e9vouement. Nous mettons un point d&rsquo;honneur \u00e0 offrir des solutions sur mesure adapt\u00e9es \u00e0 vos besoins sp\u00e9cifiques.<\/p>\n<p data-sourcepos=\"9:1-9:148\">SCAFF est aussi sp\u00e9cialis\u00e9 dans la protection de vos actifs num\u00e9riques. Nos experts en cybers\u00e9curit\u00e9 mettent \u00e0 votre disposition leur savoir-faire pour :<\/p>\n<p data-sourcepos=\"9:1-9:148\"><strong>\u00c9valuer<\/strong> les vuln\u00e9rabilit\u00e9s de votre syst\u00e8me informatique.<\/p>\n<p><strong>Mettre en place<\/strong> des solutions de s\u00e9curit\u00e9 adapt\u00e9es \u00e0 vos besoins.<\/p>\n<p><strong>Former<\/strong> vos \u00e9quipes \u00e0 la s\u00e9curit\u00e9 informatique.<\/p>\n<p data-sourcepos=\"15:1-15:180\">De plus, nous sommes votre fournisseur privil\u00e9gi\u00e9 en mati\u00e8re de mat\u00e9riel de t\u00e9l\u00e9communication. D\u00e9couvrez notre large choix de produits de qualit\u00e9 pour optimiser vos communications.<\/p>\n<p>\t\t\t\t\t\t\t\t\t\t\t\t\t<img loading=\"lazy\" decoding=\"async\" width=\"640\" height=\"424\" src=\"http:\/\/scaff.bj\/wp-content\/uploads\/2024\/08\/Capture-decran-du-2024-08-18-13-34-21-1.png\" alt=\"\" srcset=\"http:\/\/scaff.bj\/wp-content\/uploads\/2024\/08\/Capture-decran-du-2024-08-18-13-34-21-1.png 648w, http:\/\/scaff.bj\/wp-content\/uploads\/2024\/08\/Capture-decran-du-2024-08-18-13-34-21-1-300x199.png 300w\" sizes=\"auto, (max-width: 640px) 100vw, 640px\" \/><br \/>\n\t\t\t\t\t\t\t\t\t\t\t\t\t<img loading=\"lazy\" decoding=\"async\" width=\"640\" height=\"427\" src=\"http:\/\/scaff.bj\/wp-content\/uploads\/2024\/08\/heavy-construction-loader-bulldozer-construction-area-min-1024x683.jpg\" alt=\"\" srcset=\"http:\/\/scaff.bj\/wp-content\/uploads\/2024\/08\/heavy-construction-loader-bulldozer-construction-area-min-1024x683.jpg 1024w, http:\/\/scaff.bj\/wp-content\/uploads\/2024\/08\/heavy-construction-loader-bulldozer-construction-area-min-300x200.jpg 300w, http:\/\/scaff.bj\/wp-content\/uploads\/2024\/08\/heavy-construction-loader-bulldozer-construction-area-min-768x513.jpg 768w, http:\/\/scaff.bj\/wp-content\/uploads\/2024\/08\/heavy-construction-loader-bulldozer-construction-area-min-1536x1025.jpg 1536w, http:\/\/scaff.bj\/wp-content\/uploads\/2024\/08\/heavy-construction-loader-bulldozer-construction-area-min-2048x1367.jpg 2048w\" sizes=\"auto, (max-width: 640px) 100vw, 640px\" \/>\t\t\t\t\t\t\t\t\t\t\t\t\t<\/p>\n<p data-sourcepos=\"11:1-11:2\"><strong>SCAFF, c&rsquo;est l&rsquo;expertise en r\u00e9paration de poids lourds \u00e0 votre service.<\/strong><\/p>\n<p data-sourcepos=\"13:1-13:60\">Nous disposons d&rsquo;un atelier \u00e9quip\u00e9 pour prendre en charge l&rsquo;ensemble de vos besoins :<\/p>\n<ul data-sourcepos=\"15:1-18:0\">\n<li data-sourcepos=\"15:1-15:69\"><strong>Entretien r\u00e9gulier<\/strong> : vidange, r\u00e9vision, changement de pi\u00e8ces&#8230;<\/li>\n<li data-sourcepos=\"16:1-16:66\"><strong>R\u00e9paration m\u00e9canique<\/strong> : moteur, bo\u00eete de vitesses, essieux&#8230;<\/li>\n<li data-sourcepos=\"17:1-18:0\"><strong>R\u00e9paration \u00e9lectrique<\/strong> : syst\u00e8mes \u00e9lectroniques, diagnostics&#8230;<\/li>\n<\/ul>\n<p>\t\t\t\t\t\t\t\tServices populaires<\/p>\n<h2>\n<p>SCAFF vous offre des solutions sur mesure pour tous vos besoins.<\/p>\n<\/h2>\n<p>\t\t\t<a role=\"button\"><br \/>\n\t\t\t\t\t\t\t\t\tNos Services<br \/>\n\t\t\t\t\t<\/a><br \/>\n\t\t\t\t<a href=\"\"><br \/>\n\t\t\t\t\t<img loading=\"lazy\" width=\"460\" height=\"300\" src=\"http:\/\/scaff.bj\/wp-content\/uploads\/2023\/07\/list-sidebar-img-1-460x300-1.jpg\" alt=\"\" decoding=\"async\" srcset=\"http:\/\/scaff.bj\/wp-content\/uploads\/2023\/07\/list-sidebar-img-1-460x300-1.jpg 460w, http:\/\/scaff.bj\/wp-content\/uploads\/2023\/07\/list-sidebar-img-1-460x300-1-300x196.jpg 300w\" sizes=\"auto, (max-width: 460px) 100vw, 460px\" \/>\t\t\t\t<\/a><\/p>\n<h2>Activit\u00e9s immobili\u00e8res<\/h2>\n<p>\t\t\t\t<a href=\"\">Voir plus<\/a><br \/>\n\t\t\t\t<a href=\"\"><br \/>\n\t\t\t\t\t<img loading=\"lazy\" width=\"640\" height=\"427\" src=\"http:\/\/scaff.bj\/wp-content\/uploads\/2024\/07\/young-african-american-woman-smiling-confident-drawing-using-roller-art-studio-1024x683.jpg\" alt=\"\" decoding=\"async\" srcset=\"http:\/\/scaff.bj\/wp-content\/uploads\/2024\/07\/young-african-american-woman-smiling-confident-drawing-using-roller-art-studio-1024x683.jpg 1024w, http:\/\/scaff.bj\/wp-content\/uploads\/2024\/07\/young-african-american-woman-smiling-confident-drawing-using-roller-art-studio-300x200.jpg 300w, http:\/\/scaff.bj\/wp-content\/uploads\/2024\/07\/young-african-american-woman-smiling-confident-drawing-using-roller-art-studio-768x512.jpg 768w, http:\/\/scaff.bj\/wp-content\/uploads\/2024\/07\/young-african-american-woman-smiling-confident-drawing-using-roller-art-studio-1536x1024.jpg 1536w, http:\/\/scaff.bj\/wp-content\/uploads\/2024\/07\/young-african-american-woman-smiling-confident-drawing-using-roller-art-studio-2048x1365.jpg 2048w\" sizes=\"auto, (max-width: 640px) 100vw, 640px\" \/>\t\t\t\t<\/a><\/p>\n<h2>R\u00e9novation et construction<\/h2>\n<p>\t\t\t\t<a href=\"\">Voir plus<\/a><br \/>\n\t\t\t\t<a href=\"\"><br \/>\n\t\t\t\t\t<img loading=\"lazy\" width=\"640\" height=\"359\" src=\"http:\/\/scaff.bj\/wp-content\/uploads\/2024\/07\/urban-construction-site-showcases-workers-alongside-excavator-hard-work-aigm_31965-490952-1024x574.jpg\" alt=\"\" decoding=\"async\" srcset=\"http:\/\/scaff.bj\/wp-content\/uploads\/2024\/07\/urban-construction-site-showcases-workers-alongside-excavator-hard-work-aigm_31965-490952-1024x574.jpg 1024w, http:\/\/scaff.bj\/wp-content\/uploads\/2024\/07\/urban-construction-site-showcases-workers-alongside-excavator-hard-work-aigm_31965-490952-300x168.jpg 300w, http:\/\/scaff.bj\/wp-content\/uploads\/2024\/07\/urban-construction-site-showcases-workers-alongside-excavator-hard-work-aigm_31965-490952-768x430.jpg 768w, http:\/\/scaff.bj\/wp-content\/uploads\/2024\/07\/urban-construction-site-showcases-workers-alongside-excavator-hard-work-aigm_31965-490952.jpg 1380w\" sizes=\"auto, (max-width: 640px) 100vw, 640px\" \/>\t\t\t\t<\/a><\/p>\n<h2>Travaux publics et g\u00e9nie civil<\/h2>\n<p>\t\t\t\t<a href=\"\">Voir plus<\/a><br \/>\n\t\t\t\t<a href=\"\"><br \/>\n\t\t\t\t\t<img loading=\"lazy\" width=\"640\" height=\"427\" src=\"http:\/\/scaff.bj\/wp-content\/uploads\/2024\/07\/african-american-man-pointing-tablet-1024x683.jpg\" alt=\"\" decoding=\"async\" srcset=\"http:\/\/scaff.bj\/wp-content\/uploads\/2024\/07\/african-american-man-pointing-tablet-1024x683.jpg 1024w, http:\/\/scaff.bj\/wp-content\/uploads\/2024\/07\/african-american-man-pointing-tablet-300x200.jpg 300w, http:\/\/scaff.bj\/wp-content\/uploads\/2024\/07\/african-american-man-pointing-tablet-768x512.jpg 768w, http:\/\/scaff.bj\/wp-content\/uploads\/2024\/07\/african-american-man-pointing-tablet-1536x1024.jpg 1536w, http:\/\/scaff.bj\/wp-content\/uploads\/2024\/07\/african-american-man-pointing-tablet-2048x1365.jpg 2048w\" sizes=\"auto, (max-width: 640px) 100vw, 640px\" \/>\t\t\t\t<\/a><\/p>\n<h2>Consultation<\/h2>\n<p>\t\t\t\t<a href=\"\">Voir plus<\/a><br \/>\n\t\t\t\t<a href=\"\"><br \/>\n\t\t\t\t\t<img loading=\"lazy\" width=\"460\" height=\"300\" src=\"http:\/\/scaff.bj\/wp-content\/uploads\/2023\/07\/list-sidebar-img-2-460x300-1.jpg\" alt=\"\" decoding=\"async\" srcset=\"http:\/\/scaff.bj\/wp-content\/uploads\/2023\/07\/list-sidebar-img-2-460x300-1.jpg 460w, http:\/\/scaff.bj\/wp-content\/uploads\/2023\/07\/list-sidebar-img-2-460x300-1-300x196.jpg 300w\" sizes=\"auto, (max-width: 460px) 100vw, 460px\" \/>\t\t\t\t<\/a><\/p>\n<h2>Fournitures<\/h2>\n<p>\t\t\t\t<a href=\"\">Voir plus<\/a><br \/>\n\t\t\t\t<a href=\"\"><br \/>\n\t\t\t\t\t<img loading=\"lazy\" width=\"640\" height=\"427\" src=\"http:\/\/scaff.bj\/wp-content\/uploads\/2024\/07\/hands-holding-cleaning-tools-solutions-1024x683.jpg\" alt=\"\" decoding=\"async\" srcset=\"http:\/\/scaff.bj\/wp-content\/uploads\/2024\/07\/hands-holding-cleaning-tools-solutions-1024x683.jpg 1024w, http:\/\/scaff.bj\/wp-content\/uploads\/2024\/07\/hands-holding-cleaning-tools-solutions-300x200.jpg 300w, http:\/\/scaff.bj\/wp-content\/uploads\/2024\/07\/hands-holding-cleaning-tools-solutions-768x512.jpg 768w, http:\/\/scaff.bj\/wp-content\/uploads\/2024\/07\/hands-holding-cleaning-tools-solutions-1536x1024.jpg 1536w, http:\/\/scaff.bj\/wp-content\/uploads\/2024\/07\/hands-holding-cleaning-tools-solutions-2048x1365.jpg 2048w\" sizes=\"auto, (max-width: 640px) 100vw, 640px\" \/>\t\t\t\t<\/a><\/p>\n<h2>Entretien et nettoyage<\/h2>\n<p>\t\t\t\t<a href=\"\">Voir plus<\/a><br \/>\n\t\t\t\t<a href=\"http:\/\/scaff.bj\/telecommunications\/\"><br \/>\n\t\t\t\t\t<img loading=\"lazy\" width=\"626\" height=\"417\" src=\"http:\/\/scaff.bj\/wp-content\/uploads\/2024\/08\/5g-neural-network-enveloping-globe-living-digital-organism-that-breathes-connectivity_644385-1171.jpg\" alt=\"\" decoding=\"async\" srcset=\"http:\/\/scaff.bj\/wp-content\/uploads\/2024\/08\/5g-neural-network-enveloping-globe-living-digital-organism-that-breathes-connectivity_644385-1171.jpg 626w, http:\/\/scaff.bj\/wp-content\/uploads\/2024\/08\/5g-neural-network-enveloping-globe-living-digital-organism-that-breathes-connectivity_644385-1171-300x200.jpg 300w\" sizes=\"auto, (max-width: 626px) 100vw, 626px\" \/>\t\t\t\t<\/a><\/p>\n<h2>T\u00e9l\u00e9communications<\/h2>\n<p>\t\t\t\t<a href=\"http:\/\/scaff.bj\/telecommunications\/\">Voir plus<\/a><br \/>\n\t\t\t\t<a href=\"http:\/\/scaff.bj\/fournitures-de-solutions\/\"><br \/>\n\t\t\t\t\t<img loading=\"lazy\" width=\"626\" height=\"626\" src=\"http:\/\/scaff.bj\/wp-content\/uploads\/2024\/08\/isometric-hacking-activity-composition_1284-40027-1.jpg\" alt=\"\" decoding=\"async\" srcset=\"http:\/\/scaff.bj\/wp-content\/uploads\/2024\/08\/isometric-hacking-activity-composition_1284-40027-1.jpg 626w, http:\/\/scaff.bj\/wp-content\/uploads\/2024\/08\/isometric-hacking-activity-composition_1284-40027-1-300x300.jpg 300w, http:\/\/scaff.bj\/wp-content\/uploads\/2024\/08\/isometric-hacking-activity-composition_1284-40027-1-150x150.jpg 150w\" sizes=\"auto, (max-width: 626px) 100vw, 626px\" \/>\t\t\t\t<\/a><\/p>\n<h2>Fournitures de solutions<\/h2>\n<p>\t\t\t\t<a href=\"http:\/\/scaff.bj\/fournitures-de-solutions\/\">Voir plus<\/a><br \/>\n\t\t\t\t<a href=\"http:\/\/scaff.bj\/equipements-de-cybersecurite\/\"><br \/>\n\t\t\t\t\t\t\t\t\t<\/a><\/p>\n<h2>Equipements de cybercriminaalit\u00e9<\/h2>\n<p>\t\t\t\t<a href=\"http:\/\/scaff.bj\/equipements-de-cybersecurite\/\">Voir plus<\/a><\/p>\n<h2>Travail rapide et de qualit\u00e9<\/h2>\n<p>Il existe de nombreuses variantes de passages du Lorem Ipsum disponibles, mais la majorit\u00e9 ont subi des alt\u00e9rations sous une forme ou une autre.<\/p>\n<h2>Proposition de conception<\/h2>\n<p>Il existe de nombreuses variantes de passages du Lorem Ipsum disponibles, mais la majorit\u00e9 ont subi des alt\u00e9rations sous une forme ou une autre.<\/p>\n<h2>Service d\u2019urgence<\/h2>\n<p>Il existe de nombreuses variantes de passages du Lorem Ipsum disponibles, mais la majorit\u00e9 ont subi des alt\u00e9rations sous une forme ou une autre.<\/p>\n<p>\t\t\t\t\t\t\t\t\t\t\t\t\t<img loading=\"lazy\" decoding=\"async\" width=\"110\" height=\"110\" src=\"http:\/\/scaff.bj\/wp-content\/uploads\/2024\/08\/WhatsApp-Image-2024-08-26-at-17.10.25-2.jpeg\" alt=\"\" \/>\t\t\t\t\t\t\t\t\t\t\t\t\t<\/p>\n<p>Explorez nos services et d\u00e9couvrez comment SCAFF peut transformer vos projets en succ\u00e8s gr\u00e2ce \u00e0 notre expertise et notre engagement envers l\u2019excellence.<\/p>\n<h2>Lien Utiles:<\/h2>\n<h2>Contact <\/h2>\n<h2><\/h2>\n<ul>\n<li> <label>Cotonou, B\u00e9nin<\/label><\/li>\n<li> <label>scaff.contact@scaff.bj<\/label><\/li>\n<li> <label>www.scaff.bj<\/label><\/li>\n<li> <label>+229  97.60.62.99 \/ 47.93.46.12<\/label><\/li>\n<\/ul>\n","protected":false},"excerpt":{"rendered":"<p>Votre Partenaire Immobilier D\u00e9couvrez des opportunit\u00e9s exceptionnelles avec SCAFF. Transformez vos projets immobiliers en succ\u00e8s ! Voir plus Excellence en Construction Faites confiance \u00e0 SCAFF pour des constructions et r\u00e9novations de haute qualit\u00e9. Votre vision, notre expertise. \u00a0 Read More \u00a0Solutions de G\u00e9nie Civil SCAFF r\u00e9alise des infrastructures durables et innovantes. Ensemble, b\u00e2tissons l&rsquo;avenir. Read [&hellip;]<\/p>\n","protected":false},"author":1,"featured_media":0,"parent":0,"menu_order":0,"comment_status":"closed","ping_status":"closed","template":"home-template.php","meta":{"footnotes":""},"class_list":["post-5335","page","type-page","status-publish","hentry"],"_links":{"self":[{"href":"https:\/\/scaff.bj\/index.php?rest_route=\/wp\/v2\/pages\/5335","targetHints":{"allow":["GET"]}}],"collection":[{"href":"https:\/\/scaff.bj\/index.php?rest_route=\/wp\/v2\/pages"}],"about":[{"href":"https:\/\/scaff.bj\/index.php?rest_route=\/wp\/v2\/types\/page"}],"author":[{"embeddable":true,"href":"https:\/\/scaff.bj\/index.php?rest_route=\/wp\/v2\/users\/1"}],"replies":[{"embeddable":true,"href":"https:\/\/scaff.bj\/index.php?rest_route=%2Fwp%2Fv2%2Fcomments&post=5335"}],"version-history":[{"count":116,"href":"https:\/\/scaff.bj\/index.php?rest_route=\/wp\/v2\/pages\/5335\/revisions"}],"predecessor-version":[{"id":7164,"href":"https:\/\/scaff.bj\/index.php?rest_route=\/wp\/v2\/pages\/5335\/revisions\/7164"}],"wp:attachment":[{"href":"https:\/\/scaff.bj\/index.php?rest_route=%2Fwp%2Fv2%2Fmedia&parent=5335"}],"curies":[{"name":"wp","href":"https:\/\/api.w.org\/{rel}","templated":true}]}}