{"id":6243,"date":"2023-07-18T07:52:51","date_gmt":"2023-07-18T07:52:51","guid":{"rendered":"https:\/\/banao.bikebuzzbd.com\/?page_id=6243"},"modified":"2024-08-30T10:26:33","modified_gmt":"2024-08-30T10:26:33","slug":"activites-immobilieres","status":"publish","type":"page","link":"https:\/\/scaff.bj\/?page_id=6243","title":{"rendered":"Activit\u00e9s immobili\u00e8res"},"content":{"rendered":"<style>\/*! elementor - v3.23.0 - 25-07-2024 *\/\n.elementor-widget-image{text-align:center}.elementor-widget-image a{display:inline-block}.elementor-widget-image a img[src$=\".svg\"]{width:48px}.elementor-widget-image img{vertical-align:middle;display:inline-block}<\/style>\n<p>\t\t\t\t\t\t\t\t\t\t<img loading=\"lazy\" decoding=\"async\" width=\"900\" height=\"638\" src=\"http:\/\/scaff.bj\/wp-content\/uploads\/2023\/07\/Gallerys-1-1-e1689606543750.jpg\" alt=\"\" srcset=\"http:\/\/scaff.bj\/wp-content\/uploads\/2023\/07\/Gallerys-1-1-e1689606543750.jpg 900w, http:\/\/scaff.bj\/wp-content\/uploads\/2023\/07\/Gallerys-1-1-e1689606543750-300x213.jpg 300w, http:\/\/scaff.bj\/wp-content\/uploads\/2023\/07\/Gallerys-1-1-e1689606543750-768x544.jpg 768w\" sizes=\"auto, (max-width: 900px) 100vw, 900px\" \/>\t\t\t\t\t\t\t\t\t\t\t\t\t<\/p>\n<style>\/*! elementor - v3.23.0 - 25-07-2024 *\/\n.elementor-heading-title{padding:0;margin:0;line-height:1}.elementor-widget-heading .elementor-heading-title[class*=elementor-size-]>a{color:inherit;font-size:inherit;line-height:inherit}.elementor-widget-heading .elementor-heading-title.elementor-size-small{font-size:15px}.elementor-widget-heading .elementor-heading-title.elementor-size-medium{font-size:19px}.elementor-widget-heading .elementor-heading-title.elementor-size-large{font-size:29px}.elementor-widget-heading .elementor-heading-title.elementor-size-xl{font-size:39px}.elementor-widget-heading .elementor-heading-title.elementor-size-xxl{font-size:59px}<\/style>\n<h2>Activit\u00e9s Immobili\u00e8res<\/h2>\n<p>Chez <strong>SCAFF<\/strong>, nous nous engageons \u00e0 vous offrir des solutions immobili\u00e8res compl\u00e8tes et personnalis\u00e9es, adapt\u00e9es \u00e0 vos besoins sp\u00e9cifiques. Notre expertise couvre un large \u00e9ventail de services pour vous accompagner \u00e0 chaque \u00e9tape de vos projets immobiliers.<\/p>\n<style>\/*! elementor - v3.23.0 - 25-07-2024 *\/\n.elementor-image-gallery .gallery-item{display:inline-block;text-align:center;vertical-align:top;width:100%;max-width:100%;margin:0 auto}.elementor-image-gallery .gallery-item img{margin:0 auto}.elementor-image-gallery .gallery-item .gallery-caption{margin:0}.elementor-image-gallery figure img{display:block}.elementor-image-gallery figure figcaption{width:100%}.gallery-spacing-custom .elementor-image-gallery .gallery-icon{padding:0}@media (min-width:768px){.elementor-image-gallery .gallery-columns-2 .gallery-item{max-width:50%}.elementor-image-gallery .gallery-columns-3 .gallery-item{max-width:33.33%}.elementor-image-gallery .gallery-columns-4 .gallery-item{max-width:25%}.elementor-image-gallery .gallery-columns-5 .gallery-item{max-width:20%}.elementor-image-gallery .gallery-columns-6 .gallery-item{max-width:16.666%}.elementor-image-gallery .gallery-columns-7 .gallery-item{max-width:14.28%}.elementor-image-gallery .gallery-columns-8 .gallery-item{max-width:12.5%}.elementor-image-gallery .gallery-columns-9 .gallery-item{max-width:11.11%}.elementor-image-gallery .gallery-columns-10 .gallery-item{max-width:10%}}@media (min-width:480px) and (max-width:767px){.elementor-image-gallery .gallery.gallery-columns-2 .gallery-item,.elementor-image-gallery .gallery.gallery-columns-3 .gallery-item,.elementor-image-gallery .gallery.gallery-columns-4 .gallery-item,.elementor-image-gallery .gallery.gallery-columns-5 .gallery-item,.elementor-image-gallery .gallery.gallery-columns-6 .gallery-item,.elementor-image-gallery .gallery.gallery-columns-7 .gallery-item,.elementor-image-gallery .gallery.gallery-columns-8 .gallery-item,.elementor-image-gallery .gallery.gallery-columns-9 .gallery-item,.elementor-image-gallery .gallery.gallery-columns-10 .gallery-item{max-width:50%}}@media (max-width:479px){.elementor-image-gallery .gallery.gallery-columns-2 .gallery-item,.elementor-image-gallery .gallery.gallery-columns-3 .gallery-item,.elementor-image-gallery .gallery.gallery-columns-4 .gallery-item,.elementor-image-gallery .gallery.gallery-columns-5 .gallery-item,.elementor-image-gallery .gallery.gallery-columns-6 .gallery-item,.elementor-image-gallery .gallery.gallery-columns-7 .gallery-item,.elementor-image-gallery .gallery.gallery-columns-8 .gallery-item,.elementor-image-gallery .gallery.gallery-columns-9 .gallery-item,.elementor-image-gallery .gallery.gallery-columns-10 .gallery-item{max-width:100%}}<\/style>\n<figure class='gallery-item'>\n\t\t\t\t<a data-elementor-open-lightbox=\"yes\" data-elementor-lightbox-slideshow=\"c82a169\" data-elementor-lightbox-title=\"slide3\" data-e-action-hash=\"#elementor-action%3Aaction%3Dlightbox%26settings%3DeyJpZCI6NjExMywidXJsIjoiaHR0cHM6XC9cL3NjYWZmLmJqXC93cC1jb250ZW50XC91cGxvYWRzXC8yMDIzXC8wN1wvc2xpZGUzLWUxNjg5NjA2NjkzODEzLmpwZyIsInNsaWRlc2hvdyI6ImM4MmExNjkifQ%3D%3D\" href='http:\/\/scaff.bj\/wp-content\/uploads\/2023\/07\/slide3-e1689606693813.jpg'><img loading=\"lazy\" width=\"900\" height=\"638\" src=\"http:\/\/scaff.bj\/wp-content\/uploads\/2023\/07\/slide3-e1689606693813.jpg\" alt=\"\" decoding=\"async\" srcset=\"http:\/\/scaff.bj\/wp-content\/uploads\/2023\/07\/slide3-e1689606693813.jpg 900w, http:\/\/scaff.bj\/wp-content\/uploads\/2023\/07\/slide3-e1689606693813-300x213.jpg 300w, http:\/\/scaff.bj\/wp-content\/uploads\/2023\/07\/slide3-e1689606693813-768x544.jpg 768w\" sizes=\"auto, (max-width: 900px) 100vw, 900px\" \/><\/a><br \/>\n\t\t\t<\/figure>\n<figure class='gallery-item'>\n\t\t\t\t<a data-elementor-open-lightbox=\"yes\" data-elementor-lightbox-slideshow=\"c82a169\" data-elementor-lightbox-title=\"Gallerys-1-1\" data-e-action-hash=\"#elementor-action%3Aaction%3Dlightbox%26settings%3DeyJpZCI6NjExMiwidXJsIjoiaHR0cHM6XC9cL3NjYWZmLmJqXC93cC1jb250ZW50XC91cGxvYWRzXC8yMDIzXC8wN1wvR2FsbGVyeXMtMS0xLWUxNjg5NjA2NTQzNzUwLmpwZyIsInNsaWRlc2hvdyI6ImM4MmExNjkifQ%3D%3D\" href='http:\/\/scaff.bj\/wp-content\/uploads\/2023\/07\/Gallerys-1-1-e1689606543750.jpg'><img loading=\"lazy\" width=\"900\" height=\"638\" src=\"http:\/\/scaff.bj\/wp-content\/uploads\/2023\/07\/Gallerys-1-1-e1689606543750.jpg\" alt=\"\" decoding=\"async\" srcset=\"http:\/\/scaff.bj\/wp-content\/uploads\/2023\/07\/Gallerys-1-1-e1689606543750.jpg 900w, http:\/\/scaff.bj\/wp-content\/uploads\/2023\/07\/Gallerys-1-1-e1689606543750-300x213.jpg 300w, http:\/\/scaff.bj\/wp-content\/uploads\/2023\/07\/Gallerys-1-1-e1689606543750-768x544.jpg 768w\" sizes=\"auto, (max-width: 900px) 100vw, 900px\" \/><\/a><br \/>\n\t\t\t<\/figure>\n<h2>Achat et Vente de Biens Immobiliers<\/h2>\n<p>Nous vous aidons \u00e0 trouver la propri\u00e9t\u00e9 parfaite ou \u00e0 vendre votre bien rapidement et au meilleur prix. Gr\u00e2ce \u00e0 notre connaissance approfondie du march\u00e9 immobilier et \u00e0 notre r\u00e9seau \u00e9tendu, nous vous offrons des conseils avis\u00e9s et un accompagnement professionnel tout au long du processus.<\/p>\n<h4><strong>Gestion de Propri\u00e9t\u00e9s<\/strong><\/h4>\n<p>Confiez-nous la gestion de vos biens immobiliers pour une tranquillit\u00e9 d&rsquo;esprit totale. Notre \u00e9quipe de gestionnaires exp\u00e9riment\u00e9s s&rsquo;occupe de tous les aspects de l&rsquo;administration de vos propri\u00e9t\u00e9s, y compris la recherche de locataires, la gestion des baux, l&rsquo;entretien et la r\u00e9solution des probl\u00e8mes quotidiens.<\/p>\n<h4><strong>Conseil en Investissement Immobilier<\/strong><\/h4>\n<p>Nos experts en immobilier sont \u00e0 votre disposition pour vous conseiller sur les meilleures opportunit\u00e9s d&rsquo;investissement. Que vous cherchiez \u00e0 diversifier votre portefeuille ou \u00e0 maximiser le rendement de vos investissements, nous vous offrons des analyses d\u00e9taill\u00e9es et des recommandations sur mesure.<\/p>\n<h4><strong>D\u00e9veloppement de Projets Immobiliers<\/strong><\/h4>\n<p>De la conception \u00e0 la r\u00e9alisation, nous accompagnons vos projets de d\u00e9veloppement immobilier pour garantir leur succ\u00e8s. Notre \u00e9quipe de professionnels travaille en \u00e9troite collaboration avec vous pour concevoir des projets innovants et durables, en respectant vos exigences et votre budget.<\/p>\n<h4><strong>Expertise et \u00c9valuation Immobili\u00e8re<\/strong><\/h4>\n<p>Nous fournissons des services d&rsquo;expertise et d&rsquo;\u00e9valuation immobili\u00e8re pour vous aider \u00e0 d\u00e9terminer la valeur r\u00e9elle de vos biens. Nos \u00e9valuations pr\u00e9cises et fiables sont r\u00e9alis\u00e9es par des professionnels certifi\u00e9s, vous offrant une base solide pour vos d\u00e9cisions financi\u00e8res.<\/p>\n<p>[contact-form-7 id=\u00a0\u00bb71937b3&Prime; title=\u00a0\u00bbContact right\u00a0\u00bb]<br \/>\n\t\t\t\t\t\t\t\t\t\t\t\t\t<img loading=\"lazy\" decoding=\"async\" width=\"110\" height=\"110\" src=\"http:\/\/scaff.bj\/wp-content\/uploads\/2024\/08\/WhatsApp-Image-2024-08-26-at-17.10.25-2.jpeg\" alt=\"\" \/>\t\t\t\t\t\t\t\t\t\t\t\t\t<\/p>\n<p>Explorez nos services et d\u00e9couvrez comment SCAFF peut transformer vos projets en succ\u00e8s gr\u00e2ce \u00e0 notre expertise et notre engagement envers l\u2019excellence.<\/p>\n<h2>Lien utiles:<\/h2>\n<h2>Contact <\/h2>\n<h2><\/h2>\n<ul>\n<li> <label>Cotonou, B\u00e9nin<\/label><\/li>\n<li> <label>scaff.contact@scaff.bj<\/label><\/li>\n<li> <label>www.scaff.bj<\/label><\/li>\n<li> <label>+229 97.60.62.99 \/ 47.93.46.12<\/label><\/li>\n<\/ul>\n","protected":false},"excerpt":{"rendered":"<p>Activit\u00e9s Immobili\u00e8res Chez SCAFF, nous nous engageons \u00e0 vous offrir des solutions immobili\u00e8res compl\u00e8tes et personnalis\u00e9es, adapt\u00e9es \u00e0 vos besoins sp\u00e9cifiques. Notre expertise couvre un large \u00e9ventail de services pour vous accompagner \u00e0 chaque \u00e9tape de vos projets immobiliers. Achat et Vente de Biens Immobiliers Nous vous aidons \u00e0 trouver la propri\u00e9t\u00e9 parfaite ou \u00e0 [&hellip;]<\/p>\n","protected":false},"author":1,"featured_media":0,"parent":0,"menu_order":0,"comment_status":"closed","ping_status":"closed","template":"blank-template.php","meta":{"footnotes":""},"class_list":["post-6243","page","type-page","status-publish","hentry"],"_links":{"self":[{"href":"https:\/\/scaff.bj\/index.php?rest_route=\/wp\/v2\/pages\/6243","targetHints":{"allow":["GET"]}}],"collection":[{"href":"https:\/\/scaff.bj\/index.php?rest_route=\/wp\/v2\/pages"}],"about":[{"href":"https:\/\/scaff.bj\/index.php?rest_route=\/wp\/v2\/types\/page"}],"author":[{"embeddable":true,"href":"https:\/\/scaff.bj\/index.php?rest_route=\/wp\/v2\/users\/1"}],"replies":[{"embeddable":true,"href":"https:\/\/scaff.bj\/index.php?rest_route=%2Fwp%2Fv2%2Fcomments&post=6243"}],"version-history":[{"count":20,"href":"https:\/\/scaff.bj\/index.php?rest_route=\/wp\/v2\/pages\/6243\/revisions"}],"predecessor-version":[{"id":7176,"href":"https:\/\/scaff.bj\/index.php?rest_route=\/wp\/v2\/pages\/6243\/revisions\/7176"}],"wp:attachment":[{"href":"https:\/\/scaff.bj\/index.php?rest_route=%2Fwp%2Fv2%2Fmedia&parent=6243"}],"curies":[{"name":"wp","href":"https:\/\/api.w.org\/{rel}","templated":true}]}}