{"id":6336,"date":"2023-07-18T17:23:33","date_gmt":"2023-07-18T17:23:33","guid":{"rendered":"https:\/\/banao.bikebuzzbd.com\/?page_id=6336"},"modified":"2024-08-30T10:30:38","modified_gmt":"2024-08-30T10:30:38","slug":"consultation-en-amelioration-de-processus","status":"publish","type":"page","link":"https:\/\/scaff.bj\/?page_id=6336","title":{"rendered":"Consultation en am\u00e9lioration de processus"},"content":{"rendered":"<style>\/*! elementor - v3.23.0 - 25-07-2024 *\/\n.elementor-widget-image{text-align:center}.elementor-widget-image a{display:inline-block}.elementor-widget-image a img[src$=\".svg\"]{width:48px}.elementor-widget-image img{vertical-align:middle;display:inline-block}<\/style>\n<p>\t\t\t\t\t\t\t\t\t\t<img loading=\"lazy\" decoding=\"async\" width=\"1200\" height=\"600\" src=\"http:\/\/scaff.bj\/wp-content\/uploads\/2023\/07\/property-14-1200x600-1.jpg\" alt=\"\" srcset=\"http:\/\/scaff.bj\/wp-content\/uploads\/2023\/07\/property-14-1200x600-1.jpg 1200w, http:\/\/scaff.bj\/wp-content\/uploads\/2023\/07\/property-14-1200x600-1-300x150.jpg 300w, http:\/\/scaff.bj\/wp-content\/uploads\/2023\/07\/property-14-1200x600-1-1024x512.jpg 1024w, http:\/\/scaff.bj\/wp-content\/uploads\/2023\/07\/property-14-1200x600-1-768x384.jpg 768w\" sizes=\"auto, (max-width: 1200px) 100vw, 1200px\" \/>\t\t\t\t\t\t\t\t\t\t\t\t\t<\/p>\n<style>\/*! elementor - v3.23.0 - 25-07-2024 *\/\n.elementor-heading-title{padding:0;margin:0;line-height:1}.elementor-widget-heading .elementor-heading-title[class*=elementor-size-]>a{color:inherit;font-size:inherit;line-height:inherit}.elementor-widget-heading .elementor-heading-title.elementor-size-small{font-size:15px}.elementor-widget-heading .elementor-heading-title.elementor-size-medium{font-size:19px}.elementor-widget-heading .elementor-heading-title.elementor-size-large{font-size:29px}.elementor-widget-heading .elementor-heading-title.elementor-size-xl{font-size:39px}.elementor-widget-heading .elementor-heading-title.elementor-size-xxl{font-size:59px}<\/style>\n<h2>Consultation en Am\u00e9lioration de Processus<\/h2>\n<p>Chez <strong>SCAFF<\/strong>, nous sommes d\u00e9di\u00e9s \u00e0 optimiser vos op\u00e9rations et \u00e0 maximiser l&rsquo;efficacit\u00e9 de vos investissements gr\u00e2ce \u00e0 notre expertise en consultation en am\u00e9lioration de processus. Nous travaillons avec vous pour identifier les domaines \u00e0 am\u00e9liorer et mettre en place des solutions innovantes qui favorisent la croissance et l&rsquo;efficience.<\/p>\n<style>\/*! elementor - v3.23.0 - 25-07-2024 *\/\n.elementor-image-gallery .gallery-item{display:inline-block;text-align:center;vertical-align:top;width:100%;max-width:100%;margin:0 auto}.elementor-image-gallery .gallery-item img{margin:0 auto}.elementor-image-gallery .gallery-item .gallery-caption{margin:0}.elementor-image-gallery figure img{display:block}.elementor-image-gallery figure figcaption{width:100%}.gallery-spacing-custom .elementor-image-gallery .gallery-icon{padding:0}@media (min-width:768px){.elementor-image-gallery .gallery-columns-2 .gallery-item{max-width:50%}.elementor-image-gallery .gallery-columns-3 .gallery-item{max-width:33.33%}.elementor-image-gallery .gallery-columns-4 .gallery-item{max-width:25%}.elementor-image-gallery .gallery-columns-5 .gallery-item{max-width:20%}.elementor-image-gallery .gallery-columns-6 .gallery-item{max-width:16.666%}.elementor-image-gallery .gallery-columns-7 .gallery-item{max-width:14.28%}.elementor-image-gallery .gallery-columns-8 .gallery-item{max-width:12.5%}.elementor-image-gallery .gallery-columns-9 .gallery-item{max-width:11.11%}.elementor-image-gallery .gallery-columns-10 .gallery-item{max-width:10%}}@media (min-width:480px) and (max-width:767px){.elementor-image-gallery .gallery.gallery-columns-2 .gallery-item,.elementor-image-gallery .gallery.gallery-columns-3 .gallery-item,.elementor-image-gallery .gallery.gallery-columns-4 .gallery-item,.elementor-image-gallery .gallery.gallery-columns-5 .gallery-item,.elementor-image-gallery .gallery.gallery-columns-6 .gallery-item,.elementor-image-gallery .gallery.gallery-columns-7 .gallery-item,.elementor-image-gallery .gallery.gallery-columns-8 .gallery-item,.elementor-image-gallery .gallery.gallery-columns-9 .gallery-item,.elementor-image-gallery .gallery.gallery-columns-10 .gallery-item{max-width:50%}}@media (max-width:479px){.elementor-image-gallery .gallery.gallery-columns-2 .gallery-item,.elementor-image-gallery .gallery.gallery-columns-3 .gallery-item,.elementor-image-gallery .gallery.gallery-columns-4 .gallery-item,.elementor-image-gallery .gallery.gallery-columns-5 .gallery-item,.elementor-image-gallery .gallery.gallery-columns-6 .gallery-item,.elementor-image-gallery .gallery.gallery-columns-7 .gallery-item,.elementor-image-gallery .gallery.gallery-columns-8 .gallery-item,.elementor-image-gallery .gallery.gallery-columns-9 .gallery-item,.elementor-image-gallery .gallery.gallery-columns-10 .gallery-item{max-width:100%}}<\/style>\n<figure class='gallery-item'>\n\t\t\t\t<a data-elementor-open-lightbox=\"yes\" data-elementor-lightbox-slideshow=\"c82a169\" data-elementor-lightbox-title=\"slide3\" data-e-action-hash=\"#elementor-action%3Aaction%3Dlightbox%26settings%3DeyJpZCI6NjExMywidXJsIjoiaHR0cHM6XC9cL3NjYWZmLmJqXC93cC1jb250ZW50XC91cGxvYWRzXC8yMDIzXC8wN1wvc2xpZGUzLWUxNjg5NjA2NjkzODEzLmpwZyIsInNsaWRlc2hvdyI6ImM4MmExNjkifQ%3D%3D\" href='http:\/\/scaff.bj\/wp-content\/uploads\/2023\/07\/slide3-e1689606693813.jpg'><img loading=\"lazy\" width=\"900\" height=\"638\" src=\"http:\/\/scaff.bj\/wp-content\/uploads\/2023\/07\/slide3-e1689606693813.jpg\" alt=\"\" decoding=\"async\" srcset=\"http:\/\/scaff.bj\/wp-content\/uploads\/2023\/07\/slide3-e1689606693813.jpg 900w, http:\/\/scaff.bj\/wp-content\/uploads\/2023\/07\/slide3-e1689606693813-300x213.jpg 300w, http:\/\/scaff.bj\/wp-content\/uploads\/2023\/07\/slide3-e1689606693813-768x544.jpg 768w\" sizes=\"auto, (max-width: 900px) 100vw, 900px\" \/><\/a><br \/>\n\t\t\t<\/figure>\n<figure class='gallery-item'>\n\t\t\t\t<a data-elementor-open-lightbox=\"yes\" data-elementor-lightbox-slideshow=\"c82a169\" data-elementor-lightbox-title=\"Gallerys-1-1\" data-e-action-hash=\"#elementor-action%3Aaction%3Dlightbox%26settings%3DeyJpZCI6NjExMiwidXJsIjoiaHR0cHM6XC9cL3NjYWZmLmJqXC93cC1jb250ZW50XC91cGxvYWRzXC8yMDIzXC8wN1wvR2FsbGVyeXMtMS0xLWUxNjg5NjA2NTQzNzUwLmpwZyIsInNsaWRlc2hvdyI6ImM4MmExNjkifQ%3D%3D\" href='http:\/\/scaff.bj\/wp-content\/uploads\/2023\/07\/Gallerys-1-1-e1689606543750.jpg'><img loading=\"lazy\" width=\"900\" height=\"638\" src=\"http:\/\/scaff.bj\/wp-content\/uploads\/2023\/07\/Gallerys-1-1-e1689606543750.jpg\" alt=\"\" decoding=\"async\" srcset=\"http:\/\/scaff.bj\/wp-content\/uploads\/2023\/07\/Gallerys-1-1-e1689606543750.jpg 900w, http:\/\/scaff.bj\/wp-content\/uploads\/2023\/07\/Gallerys-1-1-e1689606543750-300x213.jpg 300w, http:\/\/scaff.bj\/wp-content\/uploads\/2023\/07\/Gallerys-1-1-e1689606543750-768x544.jpg 768w\" sizes=\"auto, (max-width: 900px) 100vw, 900px\" \/><\/a><br \/>\n\t\t\t<\/figure>\n<h2>Analyse des Processus Existants<\/h2>\n<p>Notre \u00e9quipe d&rsquo;experts commence par une analyse approfondie de vos processus actuels. Nous \u00e9valuons chaque \u00e9tape de vos op\u00e9rations pour identifier les inefficacit\u00e9s, les goulots d&rsquo;\u00e9tranglement et les opportunit\u00e9s d&rsquo;am\u00e9lioration.<\/p>\n<ul>\n<li><strong>Cartographie des Processus :<\/strong> Visualisation des flux de travail actuels pour une compr\u00e9hension claire des op\u00e9rations.<\/li>\n<li><strong>\u00c9valuation des Performances :<\/strong> Analyse des performances actuelles pour identifier les \u00e9carts par rapport aux objectifs.<\/li>\n<li><strong>Identification des Probl\u00e8mes :<\/strong> Rep\u00e9rage des points faibles et des inefficacit\u00e9s dans les processus.<\/li>\n<\/ul>\n<h4><strong>D\u00e9veloppement de Strat\u00e9gies d&rsquo;Am\u00e9lioration<\/strong><\/h4>\n<p>Apr\u00e8s avoir identifi\u00e9 les domaines \u00e0 am\u00e9liorer, nous \u00e9laborons des strat\u00e9gies sur mesure pour optimiser vos processus. Nos solutions sont con\u00e7ues pour aligner vos op\u00e9rations sur les meilleures pratiques et les standards de l&rsquo;industrie.<\/p>\n<ul>\n<li><strong>Red\u00e9finition des Processus :<\/strong> Conception de nouveaux processus pour am\u00e9liorer l&rsquo;efficacit\u00e9 et la productivit\u00e9.<\/li>\n<li><strong>Automatisation :<\/strong> Mise en place de technologies d&rsquo;automatisation pour r\u00e9duire les t\u00e2ches manuelles et acc\u00e9l\u00e9rer les flux de travail.<\/li>\n<li><strong>Formation et D\u00e9veloppement :<\/strong> Programmes de formation pour assurer que votre \u00e9quipe adopte et ma\u00eetrise les nouveaux processus.<\/li>\n<\/ul>\n<h4><strong>Mise en \u0152uvre et Suivi<\/strong><\/h4>\n<p>Nous vous accompagnons tout au long de la mise en \u0153uvre des nouvelles strat\u00e9gies pour garantir une transition en douceur et des r\u00e9sultats durables.<\/p>\n<ul>\n<li><strong>Planification de la Mise en \u0152uvre :<\/strong> \u00c9laboration de plans d\u00e9taill\u00e9s pour l&rsquo;adoption des nouveaux processus.<\/li>\n<li><strong>Gestion du Changement :<\/strong> Assistance pour g\u00e9rer le changement organisationnel et minimiser la r\u00e9sistance.<\/li>\n<li><strong>Suivi et \u00c9valuation :<\/strong> Surveillance continue des performances pour assurer l&rsquo;efficacit\u00e9 des nouvelles solutions.<\/li>\n<\/ul>\n<h4><strong>Am\u00e9lioration Continue<\/strong><\/h4>\n<p>Nous croyons en l&rsquo;am\u00e9lioration continue pour maintenir votre organisation \u00e0 la pointe de l&rsquo;efficacit\u00e9. Nous fournissons des services de suivi et de r\u00e9\u00e9valuation r\u00e9guliers pour ajuster et perfectionner vos processus au fil du temps.<\/p>\n<ul>\n<li><strong>Audit R\u00e9gulier :<\/strong> \u00c9valuations p\u00e9riodiques pour identifier de nouvelles opportunit\u00e9s d&rsquo;am\u00e9lioration.<\/li>\n<li><strong>Mise \u00e0 Jour des Strat\u00e9gies :<\/strong> Ajustements des strat\u00e9gies d&rsquo;am\u00e9lioration pour r\u00e9pondre aux \u00e9volutions du march\u00e9 et des technologies.<\/li>\n<li><strong>Formation Continue :<\/strong> Programmes de formation continue pour maintenir les comp\u00e9tences de votre \u00e9quipe \u00e0 jour.<\/li>\n<\/ul>\n<h4><strong>R\u00e9sultats Tangibles<\/strong><\/h4>\n<p>Nos services de consultation en am\u00e9lioration de processus sont con\u00e7us pour offrir des r\u00e9sultats tangibles et mesurables, incluant :<\/p>\n<ul>\n<li><strong>R\u00e9duction des Co\u00fbts :<\/strong> Diminution des co\u00fbts op\u00e9rationnels gr\u00e2ce \u00e0 l&rsquo;\u00e9limination des inefficacit\u00e9s.<\/li>\n<li><strong>Augmentation de la Productivit\u00e9 :<\/strong> Am\u00e9lioration de la productivit\u00e9 gr\u00e2ce \u00e0 des processus plus efficaces et mieux structur\u00e9s.<\/li>\n<li><strong>Satisfaction Client :<\/strong> Am\u00e9lioration de la qualit\u00e9 des produits et services, entra\u00eenant une satisfaction accrue de la client\u00e8le.<\/li>\n<\/ul>\n<p>[contact-form-7 id=\u00a0\u00bb6312&Prime; title=\u00a0\u00bbContact right\u00a0\u00bb]<\/p>\n<p>\t\t\t\t\t\t\t\t\t\t\t\t\t<img loading=\"lazy\" decoding=\"async\" width=\"110\" height=\"110\" src=\"http:\/\/scaff.bj\/wp-content\/uploads\/2024\/08\/WhatsApp-Image-2024-08-26-at-17.10.25-2.jpeg\" alt=\"\" \/>\t\t\t\t\t\t\t\t\t\t\t\t\t<\/p>\n<p>Explorez nos services et d\u00e9couvrez comment SCAFF peut transformer vos projets en succ\u00e8s gr\u00e2ce \u00e0 notre expertise et notre engagement envers l\u2019excellence.<\/p>\n<h2>Lien Utiles: <\/h2>\n<h2>Contact <\/h2>\n<h2><\/h2>\n<ul>\n<li> <label>Cotonou, B\u00e9nin<\/label><\/li>\n<li> <label>scaff.contact@scaff.bj<\/label><\/li>\n<li> <label>www.scaff.bj<\/label><\/li>\n<li> <label>+229 97.60.62.99 \/ 47.93.46.12<\/label><\/li>\n<\/ul>\n","protected":false},"excerpt":{"rendered":"<p>Consultation en Am\u00e9lioration de Processus Chez SCAFF, nous sommes d\u00e9di\u00e9s \u00e0 optimiser vos op\u00e9rations et \u00e0 maximiser l&rsquo;efficacit\u00e9 de vos investissements gr\u00e2ce \u00e0 notre expertise en consultation en am\u00e9lioration de processus. Nous travaillons avec vous pour identifier les domaines \u00e0 am\u00e9liorer et mettre en place des solutions innovantes qui favorisent la croissance et l&rsquo;efficience. Analyse [&hellip;]<\/p>\n","protected":false},"author":1,"featured_media":0,"parent":0,"menu_order":0,"comment_status":"closed","ping_status":"closed","template":"blank-template.php","meta":{"footnotes":""},"class_list":["post-6336","page","type-page","status-publish","hentry"],"_links":{"self":[{"href":"https:\/\/scaff.bj\/index.php?rest_route=\/wp\/v2\/pages\/6336","targetHints":{"allow":["GET"]}}],"collection":[{"href":"https:\/\/scaff.bj\/index.php?rest_route=\/wp\/v2\/pages"}],"about":[{"href":"https:\/\/scaff.bj\/index.php?rest_route=\/wp\/v2\/types\/page"}],"author":[{"embeddable":true,"href":"https:\/\/scaff.bj\/index.php?rest_route=\/wp\/v2\/users\/1"}],"replies":[{"embeddable":true,"href":"https:\/\/scaff.bj\/index.php?rest_route=%2Fwp%2Fv2%2Fcomments&post=6336"}],"version-history":[{"count":14,"href":"https:\/\/scaff.bj\/index.php?rest_route=\/wp\/v2\/pages\/6336\/revisions"}],"predecessor-version":[{"id":7194,"href":"https:\/\/scaff.bj\/index.php?rest_route=\/wp\/v2\/pages\/6336\/revisions\/7194"}],"wp:attachment":[{"href":"https:\/\/scaff.bj\/index.php?rest_route=%2Fwp%2Fv2%2Fmedia&parent=6336"}],"curies":[{"name":"wp","href":"https:\/\/api.w.org\/{rel}","templated":true}]}}