{"id":6346,"date":"2023-07-18T17:34:47","date_gmt":"2023-07-18T17:34:47","guid":{"rendered":"https:\/\/banao.bikebuzzbd.com\/?page_id=6346"},"modified":"2024-08-30T10:29:10","modified_gmt":"2024-08-30T10:29:10","slug":"import-export","status":"publish","type":"page","link":"https:\/\/scaff.bj\/?page_id=6346","title":{"rendered":"Import &#8211; Export"},"content":{"rendered":"<style>\/*! elementor - v3.23.0 - 25-07-2024 *\/\n.elementor-widget-image{text-align:center}.elementor-widget-image a{display:inline-block}.elementor-widget-image a img[src$=\".svg\"]{width:48px}.elementor-widget-image img{vertical-align:middle;display:inline-block}<\/style>\n<p>\t\t\t\t\t\t\t\t\t\t<img loading=\"lazy\" decoding=\"async\" width=\"900\" height=\"638\" src=\"http:\/\/scaff.bj\/wp-content\/uploads\/2023\/07\/slide3-e1689606693813.jpg\" alt=\"\" srcset=\"http:\/\/scaff.bj\/wp-content\/uploads\/2023\/07\/slide3-e1689606693813.jpg 900w, http:\/\/scaff.bj\/wp-content\/uploads\/2023\/07\/slide3-e1689606693813-300x213.jpg 300w, http:\/\/scaff.bj\/wp-content\/uploads\/2023\/07\/slide3-e1689606693813-768x544.jpg 768w\" sizes=\"auto, (max-width: 900px) 100vw, 900px\" \/>\t\t\t\t\t\t\t\t\t\t\t\t\t<\/p>\n<style>\/*! elementor - v3.23.0 - 25-07-2024 *\/\n.elementor-heading-title{padding:0;margin:0;line-height:1}.elementor-widget-heading .elementor-heading-title[class*=elementor-size-]>a{color:inherit;font-size:inherit;line-height:inherit}.elementor-widget-heading .elementor-heading-title.elementor-size-small{font-size:15px}.elementor-widget-heading .elementor-heading-title.elementor-size-medium{font-size:19px}.elementor-widget-heading .elementor-heading-title.elementor-size-large{font-size:29px}.elementor-widget-heading .elementor-heading-title.elementor-size-xl{font-size:39px}.elementor-widget-heading .elementor-heading-title.elementor-size-xxl{font-size:59px}<\/style>\n<h2>Import-Export<\/h2>\n<p>Chez <strong>SCAFF<\/strong>, nous mettons notre expertise \u00e0 votre service pour faciliter vos op\u00e9rations d&rsquo;import-export. Notre objectif est de vous offrir des solutions de commerce international efficaces et fiables, r\u00e9pondant \u00e0 vos besoins sp\u00e9cifiques et optimisant vos processus logistiques.<\/p>\n<style>\/*! elementor - v3.23.0 - 25-07-2024 *\/\n.elementor-image-gallery .gallery-item{display:inline-block;text-align:center;vertical-align:top;width:100%;max-width:100%;margin:0 auto}.elementor-image-gallery .gallery-item img{margin:0 auto}.elementor-image-gallery .gallery-item .gallery-caption{margin:0}.elementor-image-gallery figure img{display:block}.elementor-image-gallery figure figcaption{width:100%}.gallery-spacing-custom .elementor-image-gallery .gallery-icon{padding:0}@media (min-width:768px){.elementor-image-gallery .gallery-columns-2 .gallery-item{max-width:50%}.elementor-image-gallery .gallery-columns-3 .gallery-item{max-width:33.33%}.elementor-image-gallery .gallery-columns-4 .gallery-item{max-width:25%}.elementor-image-gallery .gallery-columns-5 .gallery-item{max-width:20%}.elementor-image-gallery .gallery-columns-6 .gallery-item{max-width:16.666%}.elementor-image-gallery .gallery-columns-7 .gallery-item{max-width:14.28%}.elementor-image-gallery .gallery-columns-8 .gallery-item{max-width:12.5%}.elementor-image-gallery .gallery-columns-9 .gallery-item{max-width:11.11%}.elementor-image-gallery .gallery-columns-10 .gallery-item{max-width:10%}}@media (min-width:480px) and (max-width:767px){.elementor-image-gallery .gallery.gallery-columns-2 .gallery-item,.elementor-image-gallery .gallery.gallery-columns-3 .gallery-item,.elementor-image-gallery .gallery.gallery-columns-4 .gallery-item,.elementor-image-gallery .gallery.gallery-columns-5 .gallery-item,.elementor-image-gallery .gallery.gallery-columns-6 .gallery-item,.elementor-image-gallery .gallery.gallery-columns-7 .gallery-item,.elementor-image-gallery .gallery.gallery-columns-8 .gallery-item,.elementor-image-gallery .gallery.gallery-columns-9 .gallery-item,.elementor-image-gallery .gallery.gallery-columns-10 .gallery-item{max-width:50%}}@media (max-width:479px){.elementor-image-gallery .gallery.gallery-columns-2 .gallery-item,.elementor-image-gallery .gallery.gallery-columns-3 .gallery-item,.elementor-image-gallery .gallery.gallery-columns-4 .gallery-item,.elementor-image-gallery .gallery.gallery-columns-5 .gallery-item,.elementor-image-gallery .gallery.gallery-columns-6 .gallery-item,.elementor-image-gallery .gallery.gallery-columns-7 .gallery-item,.elementor-image-gallery .gallery.gallery-columns-8 .gallery-item,.elementor-image-gallery .gallery.gallery-columns-9 .gallery-item,.elementor-image-gallery .gallery.gallery-columns-10 .gallery-item{max-width:100%}}<\/style>\n<figure class='gallery-item'>\n\t\t\t\t<a data-elementor-open-lightbox=\"yes\" data-elementor-lightbox-slideshow=\"c82a169\" data-elementor-lightbox-title=\"slide3\" data-e-action-hash=\"#elementor-action%3Aaction%3Dlightbox%26settings%3DeyJpZCI6NjExMywidXJsIjoiaHR0cHM6XC9cL3NjYWZmLmJqXC93cC1jb250ZW50XC91cGxvYWRzXC8yMDIzXC8wN1wvc2xpZGUzLWUxNjg5NjA2NjkzODEzLmpwZyIsInNsaWRlc2hvdyI6ImM4MmExNjkifQ%3D%3D\" href='http:\/\/scaff.bj\/wp-content\/uploads\/2023\/07\/slide3-e1689606693813.jpg'><img loading=\"lazy\" width=\"900\" height=\"638\" src=\"http:\/\/scaff.bj\/wp-content\/uploads\/2023\/07\/slide3-e1689606693813.jpg\" alt=\"\" decoding=\"async\" srcset=\"http:\/\/scaff.bj\/wp-content\/uploads\/2023\/07\/slide3-e1689606693813.jpg 900w, http:\/\/scaff.bj\/wp-content\/uploads\/2023\/07\/slide3-e1689606693813-300x213.jpg 300w, http:\/\/scaff.bj\/wp-content\/uploads\/2023\/07\/slide3-e1689606693813-768x544.jpg 768w\" sizes=\"auto, (max-width: 900px) 100vw, 900px\" \/><\/a><br \/>\n\t\t\t<\/figure>\n<figure class='gallery-item'>\n\t\t\t\t<a data-elementor-open-lightbox=\"yes\" data-elementor-lightbox-slideshow=\"c82a169\" data-elementor-lightbox-title=\"Gallerys-1-1\" data-e-action-hash=\"#elementor-action%3Aaction%3Dlightbox%26settings%3DeyJpZCI6NjExMiwidXJsIjoiaHR0cHM6XC9cL3NjYWZmLmJqXC93cC1jb250ZW50XC91cGxvYWRzXC8yMDIzXC8wN1wvR2FsbGVyeXMtMS0xLWUxNjg5NjA2NTQzNzUwLmpwZyIsInNsaWRlc2hvdyI6ImM4MmExNjkifQ%3D%3D\" href='http:\/\/scaff.bj\/wp-content\/uploads\/2023\/07\/Gallerys-1-1-e1689606543750.jpg'><img loading=\"lazy\" width=\"900\" height=\"638\" src=\"http:\/\/scaff.bj\/wp-content\/uploads\/2023\/07\/Gallerys-1-1-e1689606543750.jpg\" alt=\"\" decoding=\"async\" srcset=\"http:\/\/scaff.bj\/wp-content\/uploads\/2023\/07\/Gallerys-1-1-e1689606543750.jpg 900w, http:\/\/scaff.bj\/wp-content\/uploads\/2023\/07\/Gallerys-1-1-e1689606543750-300x213.jpg 300w, http:\/\/scaff.bj\/wp-content\/uploads\/2023\/07\/Gallerys-1-1-e1689606543750-768x544.jpg 768w\" sizes=\"auto, (max-width: 900px) 100vw, 900px\" \/><\/a><br \/>\n\t\t\t<\/figure>\n<h2>Services d&rsquo;Importation<\/h2>\n<p>Nous vous aidons \u00e0 sourcer et \u00e0 importer des produits de qualit\u00e9 depuis les march\u00e9s internationaux. Gr\u00e2ce \u00e0 notre r\u00e9seau de partenaires et \u00e0 notre connaissance approfondie des r\u00e9glementations douani\u00e8res, nous vous garantissons une importation sans tracas et conforme \u00e0 toutes les exigences l\u00e9gales.<\/p>\n<ul>\n<li><strong>Sourcing de Produits :<\/strong> Identification des meilleurs fournisseurs et n\u00e9gociation des conditions d&rsquo;achat.<\/li>\n<li><strong>Gestion des Commandes :<\/strong> Suivi rigoureux des commandes depuis le point d&rsquo;origine jusqu&rsquo;\u00e0 la livraison finale.<\/li>\n<li><strong>Formalit\u00e9s Douani\u00e8res :<\/strong> Prise en charge de toutes les proc\u00e9dures douani\u00e8res pour assurer une importation rapide et conforme.<\/li>\n<\/ul>\n<h4><strong>Services d&rsquo;Exportation<\/strong><\/h4>\n<p>Nous facilitons l&rsquo;exportation de vos produits vers les march\u00e9s internationaux. Notre \u00e9quipe veille \u00e0 ce que vos marchandises respectent les standards internationaux et arrivent \u00e0 destination en toute s\u00e9curit\u00e9.<\/p>\n<ul>\n<li><strong>\u00c9tude de March\u00e9 :<\/strong> Analyse des opportunit\u00e9s de march\u00e9 pour vos produits \u00e0 l&rsquo;international.<\/li>\n<li><strong>Pr\u00e9paration Logistique :<\/strong> Organisation du transport et de la logistique pour garantir une livraison efficace.<\/li>\n<li><strong>Documentation d&rsquo;Exportation :<\/strong> Gestion de toutes les formalit\u00e9s administratives et des documents n\u00e9cessaires pour l&rsquo;exportation.<\/li>\n<\/ul>\n<h4><strong>Solutions Logistiques Compl\u00e8tes<\/strong><\/h4>\n<p>Nous offrons des solutions logistiques int\u00e9gr\u00e9es pour optimiser le transport de vos marchandises, r\u00e9duire les co\u00fbts et am\u00e9liorer l&rsquo;efficacit\u00e9.<\/p>\n<ul>\n<li><strong>Transport Multimodal :<\/strong> Combinaison de transport maritime, a\u00e9rien et terrestre pour une flexibilit\u00e9 maximale.<\/li>\n<li><strong>Entreposage et Distribution :<\/strong> Services d&rsquo;entreposage s\u00e9curis\u00e9s et de distribution rapide et fiable.<\/li>\n<li><strong>Suivi et Tra\u00e7abilit\u00e9 :<\/strong> Syst\u00e8mes de suivi en temps r\u00e9el pour une visibilit\u00e9 totale sur vos envois.<\/li>\n<\/ul>\n<h4><strong>Conseil en Commerce International<\/strong><\/h4>\n<p>Notre \u00e9quipe de sp\u00e9cialistes en commerce international vous accompagne dans la mise en place de vos strat\u00e9gies d&rsquo;import-export. Nous offrons des conseils personnalis\u00e9s pour vous aider \u00e0 naviguer les complexit\u00e9s du commerce mondial.<\/p>\n<ul>\n<li><strong>Conformit\u00e9 R\u00e9glementaire :<\/strong> Assistance pour respecter les r\u00e9gulations internationales et locales.<\/li>\n<li><strong>Optimisation des Co\u00fbts :<\/strong> Strat\u00e9gies pour r\u00e9duire les co\u00fbts d&rsquo;importation et d&rsquo;exportation.<\/li>\n<li><strong>Gestion des Risques :<\/strong> Identification et att\u00e9nuation des risques li\u00e9s aux transactions internationales.<\/li>\n<\/ul>\n<h4><strong>Engagement envers la Qualit\u00e9 et la S\u00e9curit\u00e9<\/strong><\/h4>\n<p>Nous nous engageons \u00e0 offrir des services d&rsquo;import-export de la plus haute qualit\u00e9, en respectant les normes de s\u00e9curit\u00e9 et en garantissant la satisfaction de nos clients. Notre \u00e9quipe met tout en \u0153uvre pour assurer la fluidit\u00e9 et la fiabilit\u00e9 de vos op\u00e9rations de commerce international.<\/p>\n<p>[contact-form-7 id=\u00a0\u00bb6312&Prime; title=\u00a0\u00bbContact right\u00a0\u00bb]<\/p>\n<p>\t\t\t\t\t\t\t\t\t\t\t\t\t<img loading=\"lazy\" decoding=\"async\" width=\"110\" height=\"110\" src=\"http:\/\/scaff.bj\/wp-content\/uploads\/2024\/08\/WhatsApp-Image-2024-08-26-at-17.10.25-2.jpeg\" alt=\"\" \/>\t\t\t\t\t\t\t\t\t\t\t\t\t<\/p>\n<p>Explorez nos services et d\u00e9couvrez comment SCAFF peut transformer vos projets en succ\u00e8s gr\u00e2ce \u00e0 notre expertise et notre engagement envers l\u2019excellence.<\/p>\n<h2>Lien Utiles: <\/h2>\n<h2>Contact <\/h2>\n<h2><\/h2>\n<ul>\n<li> <label>Cotonou, B\u00e9nin<\/label><\/li>\n<li> <label>scaff.contact@scaff.bj<\/label><\/li>\n<li> <label>www.scaff.bj<\/label><\/li>\n<li> <label>+229 97.60.62.99 \/ 47.93.46.12<\/label><\/li>\n<\/ul>\n","protected":false},"excerpt":{"rendered":"<p>Import-Export Chez SCAFF, nous mettons notre expertise \u00e0 votre service pour faciliter vos op\u00e9rations d&rsquo;import-export. Notre objectif est de vous offrir des solutions de commerce international efficaces et fiables, r\u00e9pondant \u00e0 vos besoins sp\u00e9cifiques et optimisant vos processus logistiques. Services d&rsquo;Importation Nous vous aidons \u00e0 sourcer et \u00e0 importer des produits de qualit\u00e9 depuis les [&hellip;]<\/p>\n","protected":false},"author":1,"featured_media":0,"parent":0,"menu_order":0,"comment_status":"closed","ping_status":"closed","template":"blank-template.php","meta":{"footnotes":""},"class_list":["post-6346","page","type-page","status-publish","hentry"],"_links":{"self":[{"href":"https:\/\/scaff.bj\/index.php?rest_route=\/wp\/v2\/pages\/6346","targetHints":{"allow":["GET"]}}],"collection":[{"href":"https:\/\/scaff.bj\/index.php?rest_route=\/wp\/v2\/pages"}],"about":[{"href":"https:\/\/scaff.bj\/index.php?rest_route=\/wp\/v2\/types\/page"}],"author":[{"embeddable":true,"href":"https:\/\/scaff.bj\/index.php?rest_route=\/wp\/v2\/users\/1"}],"replies":[{"embeddable":true,"href":"https:\/\/scaff.bj\/index.php?rest_route=%2Fwp%2Fv2%2Fcomments&post=6346"}],"version-history":[{"count":14,"href":"https:\/\/scaff.bj\/index.php?rest_route=\/wp\/v2\/pages\/6346\/revisions"}],"predecessor-version":[{"id":7188,"href":"https:\/\/scaff.bj\/index.php?rest_route=\/wp\/v2\/pages\/6346\/revisions\/7188"}],"wp:attachment":[{"href":"https:\/\/scaff.bj\/index.php?rest_route=%2Fwp%2Fv2%2Fmedia&parent=6346"}],"curies":[{"name":"wp","href":"https:\/\/api.w.org\/{rel}","templated":true}]}}