{"id":6356,"date":"2023-07-18T17:36:44","date_gmt":"2023-07-18T17:36:44","guid":{"rendered":"https:\/\/banao.bikebuzzbd.com\/?page_id=6356"},"modified":"2024-08-30T10:28:42","modified_gmt":"2024-08-30T10:28:42","slug":"entretien-et-nettoyage","status":"publish","type":"page","link":"https:\/\/scaff.bj\/?page_id=6356","title":{"rendered":"Entretien et nettoyage"},"content":{"rendered":"<style>\/*! elementor - v3.23.0 - 25-07-2024 *\/\n.elementor-widget-image{text-align:center}.elementor-widget-image a{display:inline-block}.elementor-widget-image a img[src$=\".svg\"]{width:48px}.elementor-widget-image img{vertical-align:middle;display:inline-block}<\/style>\n<p>\t\t\t\t\t\t\t\t\t\t<img loading=\"lazy\" decoding=\"async\" width=\"900\" height=\"638\" src=\"http:\/\/scaff.bj\/wp-content\/uploads\/2023\/07\/slide3-e1689606693813.jpg\" alt=\"\" srcset=\"http:\/\/scaff.bj\/wp-content\/uploads\/2023\/07\/slide3-e1689606693813.jpg 900w, http:\/\/scaff.bj\/wp-content\/uploads\/2023\/07\/slide3-e1689606693813-300x213.jpg 300w, http:\/\/scaff.bj\/wp-content\/uploads\/2023\/07\/slide3-e1689606693813-768x544.jpg 768w\" sizes=\"auto, (max-width: 900px) 100vw, 900px\" \/>\t\t\t\t\t\t\t\t\t\t\t\t\t<\/p>\n<style>\/*! elementor - v3.23.0 - 25-07-2024 *\/\n.elementor-heading-title{padding:0;margin:0;line-height:1}.elementor-widget-heading .elementor-heading-title[class*=elementor-size-]>a{color:inherit;font-size:inherit;line-height:inherit}.elementor-widget-heading .elementor-heading-title.elementor-size-small{font-size:15px}.elementor-widget-heading .elementor-heading-title.elementor-size-medium{font-size:19px}.elementor-widget-heading .elementor-heading-title.elementor-size-large{font-size:29px}.elementor-widget-heading .elementor-heading-title.elementor-size-xl{font-size:39px}.elementor-widget-heading .elementor-heading-title.elementor-size-xxl{font-size:59px}<\/style>\n<h2>Entretien et Nettoyage<\/h2>\n<p>Chez <strong>SCAFF<\/strong>, nous comprenons l&rsquo;importance d&rsquo;un environnement propre et bien entretenu pour la sant\u00e9 et le bien-\u00eatre de tous. C&rsquo;est pourquoi nous proposons des services d&rsquo;entretien et de nettoyage professionnels, adapt\u00e9s \u00e0 vos besoins sp\u00e9cifiques, que ce soit pour des espaces commerciaux, r\u00e9sidentiels ou industriels.<\/p>\n<style>\/*! elementor - v3.23.0 - 25-07-2024 *\/\n.elementor-image-gallery .gallery-item{display:inline-block;text-align:center;vertical-align:top;width:100%;max-width:100%;margin:0 auto}.elementor-image-gallery .gallery-item img{margin:0 auto}.elementor-image-gallery .gallery-item .gallery-caption{margin:0}.elementor-image-gallery figure img{display:block}.elementor-image-gallery figure figcaption{width:100%}.gallery-spacing-custom .elementor-image-gallery .gallery-icon{padding:0}@media (min-width:768px){.elementor-image-gallery .gallery-columns-2 .gallery-item{max-width:50%}.elementor-image-gallery .gallery-columns-3 .gallery-item{max-width:33.33%}.elementor-image-gallery .gallery-columns-4 .gallery-item{max-width:25%}.elementor-image-gallery .gallery-columns-5 .gallery-item{max-width:20%}.elementor-image-gallery .gallery-columns-6 .gallery-item{max-width:16.666%}.elementor-image-gallery .gallery-columns-7 .gallery-item{max-width:14.28%}.elementor-image-gallery .gallery-columns-8 .gallery-item{max-width:12.5%}.elementor-image-gallery .gallery-columns-9 .gallery-item{max-width:11.11%}.elementor-image-gallery .gallery-columns-10 .gallery-item{max-width:10%}}@media (min-width:480px) and (max-width:767px){.elementor-image-gallery .gallery.gallery-columns-2 .gallery-item,.elementor-image-gallery .gallery.gallery-columns-3 .gallery-item,.elementor-image-gallery .gallery.gallery-columns-4 .gallery-item,.elementor-image-gallery .gallery.gallery-columns-5 .gallery-item,.elementor-image-gallery .gallery.gallery-columns-6 .gallery-item,.elementor-image-gallery .gallery.gallery-columns-7 .gallery-item,.elementor-image-gallery .gallery.gallery-columns-8 .gallery-item,.elementor-image-gallery .gallery.gallery-columns-9 .gallery-item,.elementor-image-gallery .gallery.gallery-columns-10 .gallery-item{max-width:50%}}@media (max-width:479px){.elementor-image-gallery .gallery.gallery-columns-2 .gallery-item,.elementor-image-gallery .gallery.gallery-columns-3 .gallery-item,.elementor-image-gallery .gallery.gallery-columns-4 .gallery-item,.elementor-image-gallery .gallery.gallery-columns-5 .gallery-item,.elementor-image-gallery .gallery.gallery-columns-6 .gallery-item,.elementor-image-gallery .gallery.gallery-columns-7 .gallery-item,.elementor-image-gallery .gallery.gallery-columns-8 .gallery-item,.elementor-image-gallery .gallery.gallery-columns-9 .gallery-item,.elementor-image-gallery .gallery.gallery-columns-10 .gallery-item{max-width:100%}}<\/style>\n<figure class='gallery-item'>\n\t\t\t\t<a data-elementor-open-lightbox=\"yes\" data-elementor-lightbox-slideshow=\"c82a169\" data-elementor-lightbox-title=\"slide3\" data-e-action-hash=\"#elementor-action%3Aaction%3Dlightbox%26settings%3DeyJpZCI6NjExMywidXJsIjoiaHR0cHM6XC9cL3NjYWZmLmJqXC93cC1jb250ZW50XC91cGxvYWRzXC8yMDIzXC8wN1wvc2xpZGUzLWUxNjg5NjA2NjkzODEzLmpwZyIsInNsaWRlc2hvdyI6ImM4MmExNjkifQ%3D%3D\" href='http:\/\/scaff.bj\/wp-content\/uploads\/2023\/07\/slide3-e1689606693813.jpg'><img loading=\"lazy\" width=\"900\" height=\"638\" src=\"http:\/\/scaff.bj\/wp-content\/uploads\/2023\/07\/slide3-e1689606693813.jpg\" alt=\"\" decoding=\"async\" srcset=\"http:\/\/scaff.bj\/wp-content\/uploads\/2023\/07\/slide3-e1689606693813.jpg 900w, http:\/\/scaff.bj\/wp-content\/uploads\/2023\/07\/slide3-e1689606693813-300x213.jpg 300w, http:\/\/scaff.bj\/wp-content\/uploads\/2023\/07\/slide3-e1689606693813-768x544.jpg 768w\" sizes=\"auto, (max-width: 900px) 100vw, 900px\" \/><\/a><br \/>\n\t\t\t<\/figure>\n<figure class='gallery-item'>\n\t\t\t\t<a data-elementor-open-lightbox=\"yes\" data-elementor-lightbox-slideshow=\"c82a169\" data-elementor-lightbox-title=\"Gallerys-1-1\" data-e-action-hash=\"#elementor-action%3Aaction%3Dlightbox%26settings%3DeyJpZCI6NjExMiwidXJsIjoiaHR0cHM6XC9cL3NjYWZmLmJqXC93cC1jb250ZW50XC91cGxvYWRzXC8yMDIzXC8wN1wvR2FsbGVyeXMtMS0xLWUxNjg5NjA2NTQzNzUwLmpwZyIsInNsaWRlc2hvdyI6ImM4MmExNjkifQ%3D%3D\" href='http:\/\/scaff.bj\/wp-content\/uploads\/2023\/07\/Gallerys-1-1-e1689606543750.jpg'><img loading=\"lazy\" width=\"900\" height=\"638\" src=\"http:\/\/scaff.bj\/wp-content\/uploads\/2023\/07\/Gallerys-1-1-e1689606543750.jpg\" alt=\"\" decoding=\"async\" srcset=\"http:\/\/scaff.bj\/wp-content\/uploads\/2023\/07\/Gallerys-1-1-e1689606543750.jpg 900w, http:\/\/scaff.bj\/wp-content\/uploads\/2023\/07\/Gallerys-1-1-e1689606543750-300x213.jpg 300w, http:\/\/scaff.bj\/wp-content\/uploads\/2023\/07\/Gallerys-1-1-e1689606543750-768x544.jpg 768w\" sizes=\"auto, (max-width: 900px) 100vw, 900px\" \/><\/a><br \/>\n\t\t\t<\/figure>\n<h2>Services de Nettoyage Quotidien<\/h2>\n<p>Nous offrons des services de nettoyage quotidien pour maintenir vos locaux impeccables. Nos \u00e9quipes de nettoyage sont form\u00e9es pour fournir un service discret et efficace, en respectant les horaires et les exigences sp\u00e9cifiques de chaque client.<\/p>\n<ul>\n<li><strong>Bureaux :<\/strong> Nettoyage complet des bureaux, incluant les espaces de travail, les salles de r\u00e9union et les zones communes.<\/li>\n<li><strong>Commerces :<\/strong> Maintien de la propret\u00e9 dans les magasins et les centres commerciaux pour une exp\u00e9rience client optimale.<\/li>\n<li><strong>R\u00e9sidences :<\/strong> Nettoyage des parties communes et des logements individuels dans les complexes r\u00e9sidentiels.<\/li>\n<li><strong>Espaces industriels :<\/strong> Nettoyage des zones de production et des entrep\u00f4ts, en respectant les normes de s\u00e9curit\u00e9 et d&rsquo;hygi\u00e8ne.<\/li>\n<\/ul>\n<h4><strong>Entretien des Sols<\/strong><\/h4>\n<p>Nous proposons des services sp\u00e9cialis\u00e9s pour l&rsquo;entretien et la maintenance des sols, assurant leur durabilit\u00e9 et leur apparence impeccable.<\/p>\n<ul>\n<li><strong>Nettoyage de moquettes :<\/strong> Techniques de nettoyage profond pour \u00e9liminer les taches et les allerg\u00e8nes.<\/li>\n<li><strong>Entretien des sols durs :<\/strong> Polissage, cirage et nettoyage des sols en carrelage, en bois et en marbre.<\/li>\n<li><strong>Traitement des sols industriels :<\/strong> Solutions pour maintenir les sols industriels s\u00fbrs et fonctionnels.<\/li>\n<\/ul>\n<h4><strong>Nettoyage Sp\u00e9cialis\u00e9<\/strong><\/h4>\n<p>Pour des besoins sp\u00e9cifiques, nous offrons des services de nettoyage sp\u00e9cialis\u00e9, adapt\u00e9s \u00e0 diverses situations.<\/p>\n<ul>\n<li><strong>Nettoyage apr\u00e8s travaux :<\/strong> Remise en \u00e9tat de propret\u00e9 apr\u00e8s des travaux de construction ou de r\u00e9novation.<\/li>\n<li><strong>Nettoyage des vitres :<\/strong> Services de nettoyage de vitres, y compris les vitres en hauteur et les fa\u00e7ades vitr\u00e9es.<\/li>\n<li><strong>Nettoyage de parkings :<\/strong> Entretien des parkings souterrains et ext\u00e9rieurs pour un environnement propre et s\u00fbr.<\/li>\n<\/ul>\n<h4><strong>Produits \u00c9cologiques<\/strong><\/h4>\n<p>Soucieux de l&rsquo;impact environnemental, nous utilisons des produits de nettoyage \u00e9cologiques et respectueux de l&rsquo;environnement. Notre approche vise \u00e0 offrir un service de qualit\u00e9 tout en minimisant notre empreinte \u00e9cologique.<\/p>\n<p>[contact-form-7 id=\u00a0\u00bb6312&Prime; title=\u00a0\u00bbContact right\u00a0\u00bb]<\/p>\n<p>\t\t\t\t\t\t\t\t\t\t\t\t\t<img loading=\"lazy\" decoding=\"async\" width=\"110\" height=\"110\" src=\"http:\/\/scaff.bj\/wp-content\/uploads\/2024\/08\/WhatsApp-Image-2024-08-26-at-17.10.25-2.jpeg\" alt=\"\" \/>\t\t\t\t\t\t\t\t\t\t\t\t\t<\/p>\n<p>Explorez nos services et d\u00e9couvrez comment SCAFF peut transformer vos projets en succ\u00e8s gr\u00e2ce \u00e0 notre expertise et notre engagement envers l\u2019excellence.<\/p>\n<h2>Lien Utiles:<\/h2>\n<h2>Contact :<\/h2>\n<h2><\/h2>\n<ul>\n<li> <label>Cotonou, B\u00e9nin<\/label><\/li>\n<li> <label>scaff.contact@scaff.bj<\/label><\/li>\n<li> <label>www.scaff.bj<\/label><\/li>\n<li> <label>+229 97.60.62.99 \/ 47.93.46.12<\/label><\/li>\n<\/ul>\n","protected":false},"excerpt":{"rendered":"<p>Entretien et Nettoyage Chez SCAFF, nous comprenons l&rsquo;importance d&rsquo;un environnement propre et bien entretenu pour la sant\u00e9 et le bien-\u00eatre de tous. C&rsquo;est pourquoi nous proposons des services d&rsquo;entretien et de nettoyage professionnels, adapt\u00e9s \u00e0 vos besoins sp\u00e9cifiques, que ce soit pour des espaces commerciaux, r\u00e9sidentiels ou industriels. Services de Nettoyage Quotidien Nous offrons des [&hellip;]<\/p>\n","protected":false},"author":1,"featured_media":0,"parent":0,"menu_order":0,"comment_status":"closed","ping_status":"closed","template":"blank-template.php","meta":{"footnotes":""},"class_list":["post-6356","page","type-page","status-publish","hentry"],"_links":{"self":[{"href":"https:\/\/scaff.bj\/index.php?rest_route=\/wp\/v2\/pages\/6356","targetHints":{"allow":["GET"]}}],"collection":[{"href":"https:\/\/scaff.bj\/index.php?rest_route=\/wp\/v2\/pages"}],"about":[{"href":"https:\/\/scaff.bj\/index.php?rest_route=\/wp\/v2\/types\/page"}],"author":[{"embeddable":true,"href":"https:\/\/scaff.bj\/index.php?rest_route=\/wp\/v2\/users\/1"}],"replies":[{"embeddable":true,"href":"https:\/\/scaff.bj\/index.php?rest_route=%2Fwp%2Fv2%2Fcomments&post=6356"}],"version-history":[{"count":17,"href":"https:\/\/scaff.bj\/index.php?rest_route=\/wp\/v2\/pages\/6356\/revisions"}],"predecessor-version":[{"id":7185,"href":"https:\/\/scaff.bj\/index.php?rest_route=\/wp\/v2\/pages\/6356\/revisions\/7185"}],"wp:attachment":[{"href":"https:\/\/scaff.bj\/index.php?rest_route=%2Fwp%2Fv2%2Fmedia&parent=6356"}],"curies":[{"name":"wp","href":"https:\/\/api.w.org\/{rel}","templated":true}]}}