{"id":6357,"date":"2023-07-18T17:36:49","date_gmt":"2023-07-18T17:36:49","guid":{"rendered":"https:\/\/banao.bikebuzzbd.com\/?page_id=6357"},"modified":"2024-08-30T10:27:47","modified_gmt":"2024-08-30T10:27:47","slug":"fournitures-de-materiels","status":"publish","type":"page","link":"https:\/\/scaff.bj\/?page_id=6357","title":{"rendered":"Fournitures de mat\u00e9riels"},"content":{"rendered":"<style>\/*! elementor - v3.23.0 - 25-07-2024 *\/\n.elementor-widget-image{text-align:center}.elementor-widget-image a{display:inline-block}.elementor-widget-image a img[src$=\".svg\"]{width:48px}.elementor-widget-image img{vertical-align:middle;display:inline-block}<\/style>\n<p>\t\t\t\t\t\t\t\t\t\t<img loading=\"lazy\" decoding=\"async\" width=\"900\" height=\"550\" src=\"http:\/\/scaff.bj\/wp-content\/uploads\/2023\/07\/333.jpg\" alt=\"\" srcset=\"http:\/\/scaff.bj\/wp-content\/uploads\/2023\/07\/333.jpg 900w, http:\/\/scaff.bj\/wp-content\/uploads\/2023\/07\/333-300x183.jpg 300w, http:\/\/scaff.bj\/wp-content\/uploads\/2023\/07\/333-768x469.jpg 768w\" sizes=\"auto, (max-width: 900px) 100vw, 900px\" \/>\t\t\t\t\t\t\t\t\t\t\t\t\t<\/p>\n<style>\/*! elementor - v3.23.0 - 25-07-2024 *\/\n.elementor-heading-title{padding:0;margin:0;line-height:1}.elementor-widget-heading .elementor-heading-title[class*=elementor-size-]>a{color:inherit;font-size:inherit;line-height:inherit}.elementor-widget-heading .elementor-heading-title.elementor-size-small{font-size:15px}.elementor-widget-heading .elementor-heading-title.elementor-size-medium{font-size:19px}.elementor-widget-heading .elementor-heading-title.elementor-size-large{font-size:29px}.elementor-widget-heading .elementor-heading-title.elementor-size-xl{font-size:39px}.elementor-widget-heading .elementor-heading-title.elementor-size-xxl{font-size:59px}<\/style>\n<h2>Fournitures de Mat\u00e9riaux<\/h2>\n<p>Chez <strong>SCAFF<\/strong>, nous comprenons l&rsquo;importance de mat\u00e9riaux de qualit\u00e9 pour la r\u00e9ussite de vos projets. C&rsquo;est pourquoi nous nous engageons \u00e0 fournir une large gamme de mat\u00e9riaux de construction et de fournitures de bureau de la plus haute qualit\u00e9. Que ce soit pour des projets de construction, de r\u00e9novation, ou pour \u00e9quiper votre espace de travail, nous avons les solutions adapt\u00e9es \u00e0 vos besoins.<\/p>\n<style>\/*! elementor - v3.23.0 - 25-07-2024 *\/\n.elementor-image-gallery .gallery-item{display:inline-block;text-align:center;vertical-align:top;width:100%;max-width:100%;margin:0 auto}.elementor-image-gallery .gallery-item img{margin:0 auto}.elementor-image-gallery .gallery-item .gallery-caption{margin:0}.elementor-image-gallery figure img{display:block}.elementor-image-gallery figure figcaption{width:100%}.gallery-spacing-custom .elementor-image-gallery .gallery-icon{padding:0}@media (min-width:768px){.elementor-image-gallery .gallery-columns-2 .gallery-item{max-width:50%}.elementor-image-gallery .gallery-columns-3 .gallery-item{max-width:33.33%}.elementor-image-gallery .gallery-columns-4 .gallery-item{max-width:25%}.elementor-image-gallery .gallery-columns-5 .gallery-item{max-width:20%}.elementor-image-gallery .gallery-columns-6 .gallery-item{max-width:16.666%}.elementor-image-gallery .gallery-columns-7 .gallery-item{max-width:14.28%}.elementor-image-gallery .gallery-columns-8 .gallery-item{max-width:12.5%}.elementor-image-gallery .gallery-columns-9 .gallery-item{max-width:11.11%}.elementor-image-gallery .gallery-columns-10 .gallery-item{max-width:10%}}@media (min-width:480px) and (max-width:767px){.elementor-image-gallery .gallery.gallery-columns-2 .gallery-item,.elementor-image-gallery .gallery.gallery-columns-3 .gallery-item,.elementor-image-gallery .gallery.gallery-columns-4 .gallery-item,.elementor-image-gallery .gallery.gallery-columns-5 .gallery-item,.elementor-image-gallery .gallery.gallery-columns-6 .gallery-item,.elementor-image-gallery .gallery.gallery-columns-7 .gallery-item,.elementor-image-gallery .gallery.gallery-columns-8 .gallery-item,.elementor-image-gallery .gallery.gallery-columns-9 .gallery-item,.elementor-image-gallery .gallery.gallery-columns-10 .gallery-item{max-width:50%}}@media (max-width:479px){.elementor-image-gallery .gallery.gallery-columns-2 .gallery-item,.elementor-image-gallery .gallery.gallery-columns-3 .gallery-item,.elementor-image-gallery .gallery.gallery-columns-4 .gallery-item,.elementor-image-gallery .gallery.gallery-columns-5 .gallery-item,.elementor-image-gallery .gallery.gallery-columns-6 .gallery-item,.elementor-image-gallery .gallery.gallery-columns-7 .gallery-item,.elementor-image-gallery .gallery.gallery-columns-8 .gallery-item,.elementor-image-gallery .gallery.gallery-columns-9 .gallery-item,.elementor-image-gallery .gallery.gallery-columns-10 .gallery-item{max-width:100%}}<\/style>\n<figure class='gallery-item'>\n\t\t\t\t<a data-elementor-open-lightbox=\"yes\" data-elementor-lightbox-slideshow=\"c82a169\" data-elementor-lightbox-title=\"slide3\" data-e-action-hash=\"#elementor-action%3Aaction%3Dlightbox%26settings%3DeyJpZCI6NjExMywidXJsIjoiaHR0cHM6XC9cL3NjYWZmLmJqXC93cC1jb250ZW50XC91cGxvYWRzXC8yMDIzXC8wN1wvc2xpZGUzLWUxNjg5NjA2NjkzODEzLmpwZyIsInNsaWRlc2hvdyI6ImM4MmExNjkifQ%3D%3D\" href='http:\/\/scaff.bj\/wp-content\/uploads\/2023\/07\/slide3-e1689606693813.jpg'><img loading=\"lazy\" width=\"900\" height=\"638\" src=\"http:\/\/scaff.bj\/wp-content\/uploads\/2023\/07\/slide3-e1689606693813.jpg\" alt=\"\" decoding=\"async\" srcset=\"http:\/\/scaff.bj\/wp-content\/uploads\/2023\/07\/slide3-e1689606693813.jpg 900w, http:\/\/scaff.bj\/wp-content\/uploads\/2023\/07\/slide3-e1689606693813-300x213.jpg 300w, http:\/\/scaff.bj\/wp-content\/uploads\/2023\/07\/slide3-e1689606693813-768x544.jpg 768w\" sizes=\"auto, (max-width: 900px) 100vw, 900px\" \/><\/a><br \/>\n\t\t\t<\/figure>\n<figure class='gallery-item'>\n\t\t\t\t<a data-elementor-open-lightbox=\"yes\" data-elementor-lightbox-slideshow=\"c82a169\" data-elementor-lightbox-title=\"Gallerys-1-1\" data-e-action-hash=\"#elementor-action%3Aaction%3Dlightbox%26settings%3DeyJpZCI6NjExMiwidXJsIjoiaHR0cHM6XC9cL3NjYWZmLmJqXC93cC1jb250ZW50XC91cGxvYWRzXC8yMDIzXC8wN1wvR2FsbGVyeXMtMS0xLWUxNjg5NjA2NTQzNzUwLmpwZyIsInNsaWRlc2hvdyI6ImM4MmExNjkifQ%3D%3D\" href='http:\/\/scaff.bj\/wp-content\/uploads\/2023\/07\/Gallerys-1-1-e1689606543750.jpg'><img loading=\"lazy\" width=\"900\" height=\"638\" src=\"http:\/\/scaff.bj\/wp-content\/uploads\/2023\/07\/Gallerys-1-1-e1689606543750.jpg\" alt=\"\" decoding=\"async\" srcset=\"http:\/\/scaff.bj\/wp-content\/uploads\/2023\/07\/Gallerys-1-1-e1689606543750.jpg 900w, http:\/\/scaff.bj\/wp-content\/uploads\/2023\/07\/Gallerys-1-1-e1689606543750-300x213.jpg 300w, http:\/\/scaff.bj\/wp-content\/uploads\/2023\/07\/Gallerys-1-1-e1689606543750-768x544.jpg 768w\" sizes=\"auto, (max-width: 900px) 100vw, 900px\" \/><\/a><br \/>\n\t\t\t<\/figure>\n<h2>Mat\u00e9riaux de Construction<\/h2>\n<p>Nous offrons une vari\u00e9t\u00e9 de mat\u00e9riaux de construction pour r\u00e9pondre aux exigences de tous vos projets, qu&rsquo;ils soient r\u00e9sidentiels, commerciaux ou industriels. Nos mat\u00e9riaux sont rigoureusement s\u00e9lectionn\u00e9s pour leur durabilit\u00e9, leur r\u00e9sistance et leur conformit\u00e9 aux normes de qualit\u00e9.<\/p>\n<ul>\n<li><strong>B\u00e9ton et Ciment :<\/strong> Produits de haute qualit\u00e9 pour des constructions solides et durables.<\/li>\n<li><strong>Acier et M\u00e9taux :<\/strong> Mat\u00e9riaux robustes pour des structures fiables.<\/li>\n<li><strong>Bois et Charpente :<\/strong> Bois de qualit\u00e9 sup\u00e9rieure pour toutes vos constructions et r\u00e9novations.<\/li>\n<li><strong>Isolation et \u00c9tanch\u00e9it\u00e9 :<\/strong> Solutions pour une meilleure efficacit\u00e9 \u00e9nerg\u00e9tique et une protection contre les \u00e9l\u00e9ments.<\/li>\n<li><strong>Rev\u00eatements et Finitions :<\/strong> Mat\u00e9riaux pour des finitions esth\u00e9tiques et durables.<\/li>\n<\/ul>\n<h4><strong>Fournitures de Mat\u00e9riel Informatique et Mobilier de Bureau<\/strong><\/h4>\n<p>\u00c9quipez votre bureau avec des fournitures de haute qualit\u00e9 pour cr\u00e9er un environnement de travail productif et confortable. Nous proposons une gamme compl\u00e8te de mat\u00e9riels informatiques et de mobiliers de bureau adapt\u00e9s \u00e0 tous les besoins professionnels.<\/p>\n<ul>\n<li><strong>Ordinateurs et Accessoires :<\/strong> Mat\u00e9riel informatique performant pour optimiser votre productivit\u00e9.<\/li>\n<li><strong>P\u00e9riph\u00e9riques et R\u00e9seaux :<\/strong> \u00c9quipements pour assurer une connectivit\u00e9 et une efficacit\u00e9 maximales.<\/li>\n<li><strong>Mobilier de Bureau :<\/strong> Des meubles ergonomiques et fonctionnels pour un confort optimal au travail.<\/li>\n<li><strong>\u00c9quipements de Pr\u00e9sentation :<\/strong> Solutions pour vos r\u00e9unions et conf\u00e9rences.<\/li>\n<\/ul>\n<h4><strong>Services de Logistique et Livraison<\/strong><\/h4>\n<p>Pour garantir que vos mat\u00e9riaux et fournitures arrivent en temps voulu et en parfait \u00e9tat, nous offrons des services de logistique et de livraison fiables. Notre \u00e9quipe veille \u00e0 ce que chaque commande soit trait\u00e9e avec soin et livr\u00e9e selon vos exigences sp\u00e9cifiques.<\/p>\n<h4><strong>Engagement envers la Qualit\u00e9<\/strong><\/h4>\n<p>La qualit\u00e9 est au c\u0153ur de tout ce que nous faisons. Nous travaillons en \u00e9troite collaboration avec nos fournisseurs pour garantir que tous les mat\u00e9riaux et fournitures r\u00e9pondent aux normes les plus strictes. Notre objectif est de vous fournir des produits qui contribuent \u00e0 la r\u00e9ussite de vos projets, tout en respectant vos d\u00e9lais et budgets.<\/p>\n<p>[contact-form-7 id=\u00a0\u00bb6312&Prime; title=\u00a0\u00bbContact right\u00a0\u00bb]<\/p>\n<p>\t\t\t\t\t\t\t\t\t\t\t\t\t<img loading=\"lazy\" decoding=\"async\" width=\"110\" height=\"110\" src=\"http:\/\/scaff.bj\/wp-content\/uploads\/2024\/08\/WhatsApp-Image-2024-08-26-at-17.10.25-2.jpeg\" alt=\"\" \/>\t\t\t\t\t\t\t\t\t\t\t\t\t<\/p>\n<p>Explorez nos services et d\u00e9couvrez comment SCAFF peut transformer vos projets en succ\u00e8s gr\u00e2ce \u00e0 notre expertise et notre engagement envers l\u2019excellence.\u00a0<\/p>\n<h2>Lien Utiles:<\/h2>\n<h2>Contact <\/h2>\n<h2><\/h2>\n<ul>\n<li> <label>Cotonou,B\u00e9nin<\/label><\/li>\n<li> <label>scaff.contact@scaff.bj<\/label><\/li>\n<li> <label>www.scaff.bj<\/label><\/li>\n<li> <label>+229 97.60.62.99 \/ 47.93.46.12<\/label><\/li>\n<\/ul>\n","protected":false},"excerpt":{"rendered":"<p>Fournitures de Mat\u00e9riaux Chez SCAFF, nous comprenons l&rsquo;importance de mat\u00e9riaux de qualit\u00e9 pour la r\u00e9ussite de vos projets. C&rsquo;est pourquoi nous nous engageons \u00e0 fournir une large gamme de mat\u00e9riaux de construction et de fournitures de bureau de la plus haute qualit\u00e9. Que ce soit pour des projets de construction, de r\u00e9novation, ou pour \u00e9quiper [&hellip;]<\/p>\n","protected":false},"author":1,"featured_media":0,"parent":0,"menu_order":0,"comment_status":"closed","ping_status":"closed","template":"blank-template.php","meta":{"footnotes":""},"class_list":["post-6357","page","type-page","status-publish","hentry"],"_links":{"self":[{"href":"https:\/\/scaff.bj\/index.php?rest_route=\/wp\/v2\/pages\/6357","targetHints":{"allow":["GET"]}}],"collection":[{"href":"https:\/\/scaff.bj\/index.php?rest_route=\/wp\/v2\/pages"}],"about":[{"href":"https:\/\/scaff.bj\/index.php?rest_route=\/wp\/v2\/types\/page"}],"author":[{"embeddable":true,"href":"https:\/\/scaff.bj\/index.php?rest_route=\/wp\/v2\/users\/1"}],"replies":[{"embeddable":true,"href":"https:\/\/scaff.bj\/index.php?rest_route=%2Fwp%2Fv2%2Fcomments&post=6357"}],"version-history":[{"count":14,"href":"https:\/\/scaff.bj\/index.php?rest_route=\/wp\/v2\/pages\/6357\/revisions"}],"predecessor-version":[{"id":7182,"href":"https:\/\/scaff.bj\/index.php?rest_route=\/wp\/v2\/pages\/6357\/revisions\/7182"}],"wp:attachment":[{"href":"https:\/\/scaff.bj\/index.php?rest_route=%2Fwp%2Fv2%2Fmedia&parent=6357"}],"curies":[{"name":"wp","href":"https:\/\/api.w.org\/{rel}","templated":true}]}}