{"id":6374,"date":"2023-07-18T17:43:23","date_gmt":"2023-07-18T17:43:23","guid":{"rendered":"https:\/\/banao.bikebuzzbd.com\/?page_id=6374"},"modified":"2024-08-30T10:27:25","modified_gmt":"2024-08-30T10:27:25","slug":"renovation-et-construction","status":"publish","type":"page","link":"https:\/\/scaff.bj\/?page_id=6374","title":{"rendered":"R\u00e9novation et construction"},"content":{"rendered":"<style>\/*! elementor - v3.23.0 - 25-07-2024 *\/\n.elementor-widget-image{text-align:center}.elementor-widget-image a{display:inline-block}.elementor-widget-image a img[src$=\".svg\"]{width:48px}.elementor-widget-image img{vertical-align:middle;display:inline-block}<\/style>\n<p>\t\t\t\t\t\t\t\t\t\t<img loading=\"lazy\" decoding=\"async\" width=\"900\" height=\"550\" src=\"http:\/\/scaff.bj\/wp-content\/uploads\/2023\/07\/44.jpg\" alt=\"\" srcset=\"http:\/\/scaff.bj\/wp-content\/uploads\/2023\/07\/44.jpg 900w, http:\/\/scaff.bj\/wp-content\/uploads\/2023\/07\/44-300x183.jpg 300w, http:\/\/scaff.bj\/wp-content\/uploads\/2023\/07\/44-768x469.jpg 768w\" sizes=\"auto, (max-width: 900px) 100vw, 900px\" \/>\t\t\t\t\t\t\t\t\t\t\t\t\t<\/p>\n<style>\/*! elementor - v3.23.0 - 25-07-2024 *\/\n.elementor-heading-title{padding:0;margin:0;line-height:1}.elementor-widget-heading .elementor-heading-title[class*=elementor-size-]>a{color:inherit;font-size:inherit;line-height:inherit}.elementor-widget-heading .elementor-heading-title.elementor-size-small{font-size:15px}.elementor-widget-heading .elementor-heading-title.elementor-size-medium{font-size:19px}.elementor-widget-heading .elementor-heading-title.elementor-size-large{font-size:29px}.elementor-widget-heading .elementor-heading-title.elementor-size-xl{font-size:39px}.elementor-widget-heading .elementor-heading-title.elementor-size-xxl{font-size:59px}<\/style>\n<h2>R\u00e9novation et Construction<\/h2>\n<p>Chez <strong>SCAFF<\/strong>, nous sommes sp\u00e9cialis\u00e9s dans la r\u00e9novation et la construction de b\u00e2timents, offrant des solutions compl\u00e8tes et sur mesure pour tous vos projets. Notre engagement envers la qualit\u00e9 et l&rsquo;innovation nous permet de transformer vos id\u00e9es en r\u00e9alisations concr\u00e8tes et durables.<\/p>\n<style>\/*! elementor - v3.23.0 - 25-07-2024 *\/\n.elementor-image-gallery .gallery-item{display:inline-block;text-align:center;vertical-align:top;width:100%;max-width:100%;margin:0 auto}.elementor-image-gallery .gallery-item img{margin:0 auto}.elementor-image-gallery .gallery-item .gallery-caption{margin:0}.elementor-image-gallery figure img{display:block}.elementor-image-gallery figure figcaption{width:100%}.gallery-spacing-custom .elementor-image-gallery .gallery-icon{padding:0}@media (min-width:768px){.elementor-image-gallery .gallery-columns-2 .gallery-item{max-width:50%}.elementor-image-gallery .gallery-columns-3 .gallery-item{max-width:33.33%}.elementor-image-gallery .gallery-columns-4 .gallery-item{max-width:25%}.elementor-image-gallery .gallery-columns-5 .gallery-item{max-width:20%}.elementor-image-gallery .gallery-columns-6 .gallery-item{max-width:16.666%}.elementor-image-gallery .gallery-columns-7 .gallery-item{max-width:14.28%}.elementor-image-gallery .gallery-columns-8 .gallery-item{max-width:12.5%}.elementor-image-gallery .gallery-columns-9 .gallery-item{max-width:11.11%}.elementor-image-gallery .gallery-columns-10 .gallery-item{max-width:10%}}@media (min-width:480px) and (max-width:767px){.elementor-image-gallery .gallery.gallery-columns-2 .gallery-item,.elementor-image-gallery .gallery.gallery-columns-3 .gallery-item,.elementor-image-gallery .gallery.gallery-columns-4 .gallery-item,.elementor-image-gallery .gallery.gallery-columns-5 .gallery-item,.elementor-image-gallery .gallery.gallery-columns-6 .gallery-item,.elementor-image-gallery .gallery.gallery-columns-7 .gallery-item,.elementor-image-gallery .gallery.gallery-columns-8 .gallery-item,.elementor-image-gallery .gallery.gallery-columns-9 .gallery-item,.elementor-image-gallery .gallery.gallery-columns-10 .gallery-item{max-width:50%}}@media (max-width:479px){.elementor-image-gallery .gallery.gallery-columns-2 .gallery-item,.elementor-image-gallery .gallery.gallery-columns-3 .gallery-item,.elementor-image-gallery .gallery.gallery-columns-4 .gallery-item,.elementor-image-gallery .gallery.gallery-columns-5 .gallery-item,.elementor-image-gallery .gallery.gallery-columns-6 .gallery-item,.elementor-image-gallery .gallery.gallery-columns-7 .gallery-item,.elementor-image-gallery .gallery.gallery-columns-8 .gallery-item,.elementor-image-gallery .gallery.gallery-columns-9 .gallery-item,.elementor-image-gallery .gallery.gallery-columns-10 .gallery-item{max-width:100%}}<\/style>\n<figure class='gallery-item'>\n\t\t\t\t<a data-elementor-open-lightbox=\"yes\" data-elementor-lightbox-slideshow=\"c82a169\" data-elementor-lightbox-title=\"slide3\" data-e-action-hash=\"#elementor-action%3Aaction%3Dlightbox%26settings%3DeyJpZCI6NjExMywidXJsIjoiaHR0cHM6XC9cL3NjYWZmLmJqXC93cC1jb250ZW50XC91cGxvYWRzXC8yMDIzXC8wN1wvc2xpZGUzLWUxNjg5NjA2NjkzODEzLmpwZyIsInNsaWRlc2hvdyI6ImM4MmExNjkifQ%3D%3D\" href='http:\/\/scaff.bj\/wp-content\/uploads\/2023\/07\/slide3-e1689606693813.jpg'><img loading=\"lazy\" width=\"900\" height=\"638\" src=\"http:\/\/scaff.bj\/wp-content\/uploads\/2023\/07\/slide3-e1689606693813.jpg\" alt=\"\" decoding=\"async\" srcset=\"http:\/\/scaff.bj\/wp-content\/uploads\/2023\/07\/slide3-e1689606693813.jpg 900w, http:\/\/scaff.bj\/wp-content\/uploads\/2023\/07\/slide3-e1689606693813-300x213.jpg 300w, http:\/\/scaff.bj\/wp-content\/uploads\/2023\/07\/slide3-e1689606693813-768x544.jpg 768w\" sizes=\"auto, (max-width: 900px) 100vw, 900px\" \/><\/a><br \/>\n\t\t\t<\/figure>\n<figure class='gallery-item'>\n\t\t\t\t<a data-elementor-open-lightbox=\"yes\" data-elementor-lightbox-slideshow=\"c82a169\" data-elementor-lightbox-title=\"Gallerys-1-1\" data-e-action-hash=\"#elementor-action%3Aaction%3Dlightbox%26settings%3DeyJpZCI6NjExMiwidXJsIjoiaHR0cHM6XC9cL3NjYWZmLmJqXC93cC1jb250ZW50XC91cGxvYWRzXC8yMDIzXC8wN1wvR2FsbGVyeXMtMS0xLWUxNjg5NjA2NTQzNzUwLmpwZyIsInNsaWRlc2hvdyI6ImM4MmExNjkifQ%3D%3D\" href='http:\/\/scaff.bj\/wp-content\/uploads\/2023\/07\/Gallerys-1-1-e1689606543750.jpg'><img loading=\"lazy\" width=\"900\" height=\"638\" src=\"http:\/\/scaff.bj\/wp-content\/uploads\/2023\/07\/Gallerys-1-1-e1689606543750.jpg\" alt=\"\" decoding=\"async\" srcset=\"http:\/\/scaff.bj\/wp-content\/uploads\/2023\/07\/Gallerys-1-1-e1689606543750.jpg 900w, http:\/\/scaff.bj\/wp-content\/uploads\/2023\/07\/Gallerys-1-1-e1689606543750-300x213.jpg 300w, http:\/\/scaff.bj\/wp-content\/uploads\/2023\/07\/Gallerys-1-1-e1689606543750-768x544.jpg 768w\" sizes=\"auto, (max-width: 900px) 100vw, 900px\" \/><\/a><br \/>\n\t\t\t<\/figure>\n<h2>R\u00e9novation de B\u00e2timentsects<\/h2>\n<p>Redonnez vie \u00e0 vos b\u00e2timents avec nos services de r\u00e9novation de haute qualit\u00e9. Que ce soit pour moderniser une structure existante ou restaurer un b\u00e2timent historique, nous mettons en \u0153uvre des techniques avanc\u00e9es et des mat\u00e9riaux de premier choix pour garantir des r\u00e9sultats exceptionnels. Notre \u00e9quipe d&rsquo;experts travaille en \u00e9troite collaboration avec vous pour comprendre vos besoins et r\u00e9aliser une r\u00e9novation qui d\u00e9passe vos attentes.<\/p>\n<h4><strong>Construction de Nouveaux B\u00e2timents<\/strong><\/h4>\n<p>Confiez-nous la construction de vos nouveaux projets immobiliers. De la planification \u00e0 la livraison, nous vous accompagnons \u00e0 chaque \u00e9tape du processus de construction. Notre \u00e9quipe de professionnels qualifi\u00e9s assure une gestion rigoureuse des projets, en respectant les d\u00e9lais et les budgets. Nous utilisons des mat\u00e9riaux de qualit\u00e9 et des techniques de pointe pour garantir la durabilit\u00e9 et la s\u00e9curit\u00e9 de vos constructions.<\/p>\n<h4><strong>Travaux Publics et G\u00e9nie Civil<\/strong><\/h4>\n<p>Nous r\u00e9alisons des projets d&rsquo;infrastructure complexes et de grande envergure. Gr\u00e2ce \u00e0 notre expertise en g\u00e9nie civil, nous sommes capables de concevoir et d&rsquo;ex\u00e9cuter des ouvrages d&rsquo;art, des routes, des ponts, et d&rsquo;autres projets de travaux publics. Notre approche int\u00e9gr\u00e9e garantit une coordination optimale entre les diff\u00e9rentes phases du projet, assurant ainsi son succ\u00e8s.<\/p>\n<h4><strong>Conception et Planification<\/strong><\/h4>\n<p>La r\u00e9ussite de tout projet de r\u00e9novation ou de construction commence par une conception et une planification minutieuses. Nos architectes et ing\u00e9nieurs travaillent en \u00e9troite collaboration pour \u00e9laborer des plans d\u00e9taill\u00e9s qui r\u00e9pondent \u00e0 vos besoins sp\u00e9cifiques. Nous tenons compte de tous les aspects, y compris les contraintes budg\u00e9taires, les r\u00e9glementations locales et les objectifs de durabilit\u00e9.<\/p>\n<h4><strong>Gestion de Projet<\/strong><\/h4>\n<p>Nous offrons des services de gestion de projet complets pour garantir que vos projets de r\u00e9novation et de construction se d\u00e9roulent sans encombre. De la coordination des sous-traitants \u00e0 la gestion des d\u00e9lais et des co\u00fbts, nous assurons un suivi rigoureux \u00e0 chaque \u00e9tape. Notre objectif est de vous fournir une solution cl\u00e9 en main, livr\u00e9e \u00e0 temps et dans le respect du budget.<\/p>\n<p>[contact-form-7 id=\u00a0\u00bb6312&Prime; title=\u00a0\u00bbContact right\u00a0\u00bb]<\/p>\n<p>\t\t\t\t\t\t\t\t\t\t\t\t\t<img loading=\"lazy\" decoding=\"async\" width=\"110\" height=\"110\" src=\"http:\/\/scaff.bj\/wp-content\/uploads\/2024\/08\/WhatsApp-Image-2024-08-26-at-17.10.25-2.jpeg\" alt=\"\" \/>\t\t\t\t\t\t\t\t\t\t\t\t\t<\/p>\n<p>Explorez nos services et d\u00e9couvrez comment SCAFF peut transformer vos projets en succ\u00e8s gr\u00e2ce \u00e0 notre expertise et notre engagement envers l\u2019excellence.<\/p>\n<h2>Lien Utiles: <\/h2>\n<h2>Contact <\/h2>\n<h2><\/h2>\n<ul>\n<li> <label>Cotonou, B\u00e9nin<\/label><\/li>\n<li> <label>scaff.contact@scaff.bj<\/label><\/li>\n<li> <label>www.scaff.bj<\/label><\/li>\n<li> <label>+229 97.60.62.99 \/ 47.93.46.12<\/label><\/li>\n<\/ul>\n","protected":false},"excerpt":{"rendered":"<p>R\u00e9novation et Construction Chez SCAFF, nous sommes sp\u00e9cialis\u00e9s dans la r\u00e9novation et la construction de b\u00e2timents, offrant des solutions compl\u00e8tes et sur mesure pour tous vos projets. Notre engagement envers la qualit\u00e9 et l&rsquo;innovation nous permet de transformer vos id\u00e9es en r\u00e9alisations concr\u00e8tes et durables. R\u00e9novation de B\u00e2timentsects Redonnez vie \u00e0 vos b\u00e2timents avec nos [&hellip;]<\/p>\n","protected":false},"author":1,"featured_media":0,"parent":0,"menu_order":0,"comment_status":"closed","ping_status":"closed","template":"blank-template.php","meta":{"footnotes":""},"class_list":["post-6374","page","type-page","status-publish","hentry"],"_links":{"self":[{"href":"https:\/\/scaff.bj\/index.php?rest_route=\/wp\/v2\/pages\/6374","targetHints":{"allow":["GET"]}}],"collection":[{"href":"https:\/\/scaff.bj\/index.php?rest_route=\/wp\/v2\/pages"}],"about":[{"href":"https:\/\/scaff.bj\/index.php?rest_route=\/wp\/v2\/types\/page"}],"author":[{"embeddable":true,"href":"https:\/\/scaff.bj\/index.php?rest_route=\/wp\/v2\/users\/1"}],"replies":[{"embeddable":true,"href":"https:\/\/scaff.bj\/index.php?rest_route=%2Fwp%2Fv2%2Fcomments&post=6374"}],"version-history":[{"count":20,"href":"https:\/\/scaff.bj\/index.php?rest_route=\/wp\/v2\/pages\/6374\/revisions"}],"predecessor-version":[{"id":7179,"href":"https:\/\/scaff.bj\/index.php?rest_route=\/wp\/v2\/pages\/6374\/revisions\/7179"}],"wp:attachment":[{"href":"https:\/\/scaff.bj\/index.php?rest_route=%2Fwp%2Fv2%2Fmedia&parent=6374"}],"curies":[{"name":"wp","href":"https:\/\/api.w.org\/{rel}","templated":true}]}}