{"id":6376,"date":"2023-07-18T17:43:51","date_gmt":"2023-07-18T17:43:51","guid":{"rendered":"https:\/\/banao.bikebuzzbd.com\/?page_id=6376"},"modified":"2024-08-30T10:29:48","modified_gmt":"2024-08-30T10:29:48","slug":"genie-civile-et-ouvrage-dart","status":"publish","type":"page","link":"https:\/\/scaff.bj\/?page_id=6376","title":{"rendered":"G\u00e9nie civile et ouvrage d&rsquo;art"},"content":{"rendered":"<style>\/*! elementor - v3.23.0 - 25-07-2024 *\/\n.elementor-widget-image{text-align:center}.elementor-widget-image a{display:inline-block}.elementor-widget-image a img[src$=\".svg\"]{width:48px}.elementor-widget-image img{vertical-align:middle;display:inline-block}<\/style>\n<p>\t\t\t\t\t\t\t\t\t\t<img loading=\"lazy\" decoding=\"async\" width=\"1200\" height=\"600\" src=\"http:\/\/scaff.bj\/wp-content\/uploads\/2023\/07\/property-44-1200x600-1.jpg\" alt=\"\" srcset=\"http:\/\/scaff.bj\/wp-content\/uploads\/2023\/07\/property-44-1200x600-1.jpg 1200w, http:\/\/scaff.bj\/wp-content\/uploads\/2023\/07\/property-44-1200x600-1-300x150.jpg 300w, http:\/\/scaff.bj\/wp-content\/uploads\/2023\/07\/property-44-1200x600-1-1024x512.jpg 1024w, http:\/\/scaff.bj\/wp-content\/uploads\/2023\/07\/property-44-1200x600-1-768x384.jpg 768w\" sizes=\"auto, (max-width: 1200px) 100vw, 1200px\" \/>\t\t\t\t\t\t\t\t\t\t\t\t\t<\/p>\n<style>\/*! elementor - v3.23.0 - 25-07-2024 *\/\n.elementor-heading-title{padding:0;margin:0;line-height:1}.elementor-widget-heading .elementor-heading-title[class*=elementor-size-]>a{color:inherit;font-size:inherit;line-height:inherit}.elementor-widget-heading .elementor-heading-title.elementor-size-small{font-size:15px}.elementor-widget-heading .elementor-heading-title.elementor-size-medium{font-size:19px}.elementor-widget-heading .elementor-heading-title.elementor-size-large{font-size:29px}.elementor-widget-heading .elementor-heading-title.elementor-size-xl{font-size:39px}.elementor-widget-heading .elementor-heading-title.elementor-size-xxl{font-size:59px}<\/style>\n<h2>G\u00e9nie Civil et Ouvrages d&rsquo;Art<\/h2>\n<p>Chez <strong>SCAFF<\/strong>, nous excellons dans le domaine du g\u00e9nie civil et la r\u00e9alisation d&rsquo;ouvrages d&rsquo;art. Notre expertise et notre engagement envers l&rsquo;innovation nous permettent de concevoir et de construire des infrastructures robustes et durables, r\u00e9pondant aux normes les plus \u00e9lev\u00e9es de qualit\u00e9 et de s\u00e9curit\u00e9.<\/p>\n<style>\/*! elementor - v3.23.0 - 25-07-2024 *\/\n.elementor-image-gallery .gallery-item{display:inline-block;text-align:center;vertical-align:top;width:100%;max-width:100%;margin:0 auto}.elementor-image-gallery .gallery-item img{margin:0 auto}.elementor-image-gallery .gallery-item .gallery-caption{margin:0}.elementor-image-gallery figure img{display:block}.elementor-image-gallery figure figcaption{width:100%}.gallery-spacing-custom .elementor-image-gallery .gallery-icon{padding:0}@media (min-width:768px){.elementor-image-gallery .gallery-columns-2 .gallery-item{max-width:50%}.elementor-image-gallery .gallery-columns-3 .gallery-item{max-width:33.33%}.elementor-image-gallery .gallery-columns-4 .gallery-item{max-width:25%}.elementor-image-gallery .gallery-columns-5 .gallery-item{max-width:20%}.elementor-image-gallery .gallery-columns-6 .gallery-item{max-width:16.666%}.elementor-image-gallery .gallery-columns-7 .gallery-item{max-width:14.28%}.elementor-image-gallery .gallery-columns-8 .gallery-item{max-width:12.5%}.elementor-image-gallery .gallery-columns-9 .gallery-item{max-width:11.11%}.elementor-image-gallery .gallery-columns-10 .gallery-item{max-width:10%}}@media (min-width:480px) and (max-width:767px){.elementor-image-gallery .gallery.gallery-columns-2 .gallery-item,.elementor-image-gallery .gallery.gallery-columns-3 .gallery-item,.elementor-image-gallery .gallery.gallery-columns-4 .gallery-item,.elementor-image-gallery .gallery.gallery-columns-5 .gallery-item,.elementor-image-gallery .gallery.gallery-columns-6 .gallery-item,.elementor-image-gallery .gallery.gallery-columns-7 .gallery-item,.elementor-image-gallery .gallery.gallery-columns-8 .gallery-item,.elementor-image-gallery .gallery.gallery-columns-9 .gallery-item,.elementor-image-gallery .gallery.gallery-columns-10 .gallery-item{max-width:50%}}@media (max-width:479px){.elementor-image-gallery .gallery.gallery-columns-2 .gallery-item,.elementor-image-gallery .gallery.gallery-columns-3 .gallery-item,.elementor-image-gallery .gallery.gallery-columns-4 .gallery-item,.elementor-image-gallery .gallery.gallery-columns-5 .gallery-item,.elementor-image-gallery .gallery.gallery-columns-6 .gallery-item,.elementor-image-gallery .gallery.gallery-columns-7 .gallery-item,.elementor-image-gallery .gallery.gallery-columns-8 .gallery-item,.elementor-image-gallery .gallery.gallery-columns-9 .gallery-item,.elementor-image-gallery .gallery.gallery-columns-10 .gallery-item{max-width:100%}}<\/style>\n<figure class='gallery-item'>\n\t\t\t\t<a data-elementor-open-lightbox=\"yes\" data-elementor-lightbox-slideshow=\"c82a169\" data-elementor-lightbox-title=\"slide3\" data-e-action-hash=\"#elementor-action%3Aaction%3Dlightbox%26settings%3DeyJpZCI6NjExMywidXJsIjoiaHR0cHM6XC9cL3NjYWZmLmJqXC93cC1jb250ZW50XC91cGxvYWRzXC8yMDIzXC8wN1wvc2xpZGUzLWUxNjg5NjA2NjkzODEzLmpwZyIsInNsaWRlc2hvdyI6ImM4MmExNjkifQ%3D%3D\" href='http:\/\/scaff.bj\/wp-content\/uploads\/2023\/07\/slide3-e1689606693813.jpg'><img loading=\"lazy\" width=\"900\" height=\"638\" src=\"http:\/\/scaff.bj\/wp-content\/uploads\/2023\/07\/slide3-e1689606693813.jpg\" alt=\"\" decoding=\"async\" srcset=\"http:\/\/scaff.bj\/wp-content\/uploads\/2023\/07\/slide3-e1689606693813.jpg 900w, http:\/\/scaff.bj\/wp-content\/uploads\/2023\/07\/slide3-e1689606693813-300x213.jpg 300w, http:\/\/scaff.bj\/wp-content\/uploads\/2023\/07\/slide3-e1689606693813-768x544.jpg 768w\" sizes=\"auto, (max-width: 900px) 100vw, 900px\" \/><\/a><br \/>\n\t\t\t<\/figure>\n<figure class='gallery-item'>\n\t\t\t\t<a data-elementor-open-lightbox=\"yes\" data-elementor-lightbox-slideshow=\"c82a169\" data-elementor-lightbox-title=\"Gallerys-1-1\" data-e-action-hash=\"#elementor-action%3Aaction%3Dlightbox%26settings%3DeyJpZCI6NjExMiwidXJsIjoiaHR0cHM6XC9cL3NjYWZmLmJqXC93cC1jb250ZW50XC91cGxvYWRzXC8yMDIzXC8wN1wvR2FsbGVyeXMtMS0xLWUxNjg5NjA2NTQzNzUwLmpwZyIsInNsaWRlc2hvdyI6ImM4MmExNjkifQ%3D%3D\" href='http:\/\/scaff.bj\/wp-content\/uploads\/2023\/07\/Gallerys-1-1-e1689606543750.jpg'><img loading=\"lazy\" width=\"900\" height=\"638\" src=\"http:\/\/scaff.bj\/wp-content\/uploads\/2023\/07\/Gallerys-1-1-e1689606543750.jpg\" alt=\"\" decoding=\"async\" srcset=\"http:\/\/scaff.bj\/wp-content\/uploads\/2023\/07\/Gallerys-1-1-e1689606543750.jpg 900w, http:\/\/scaff.bj\/wp-content\/uploads\/2023\/07\/Gallerys-1-1-e1689606543750-300x213.jpg 300w, http:\/\/scaff.bj\/wp-content\/uploads\/2023\/07\/Gallerys-1-1-e1689606543750-768x544.jpg 768w\" sizes=\"auto, (max-width: 900px) 100vw, 900px\" \/><\/a><br \/>\n\t\t\t<\/figure>\n<h2>G\u00e9nie Civil<\/h2>\n<p>Nous offrons une gamme compl\u00e8te de services de g\u00e9nie civil, couvrant la planification, la conception et la construction d&rsquo;infrastructures essentielles. Notre approche int\u00e9gr\u00e9e garantit la coordination optimale de chaque projet, assurant ainsi une ex\u00e9cution efficace et dans les d\u00e9lais impartis.<\/p>\n<ul>\n<li><strong>Infrastructure Routi\u00e8re :<\/strong> Construction et entretien de routes, autoroutes et ponts pour am\u00e9liorer la connectivit\u00e9 et la mobilit\u00e9.<\/li>\n<li><strong>Syst\u00e8mes de Drainage et d&rsquo;Assainissement :<\/strong> Conception et mise en place de syst\u00e8mes efficaces pour la gestion des eaux pluviales et us\u00e9es.<\/li>\n<li><strong>Terrassement et Fondations :<\/strong> Travaux de terrassement et de pr\u00e9paration de sites pour des bases solides et stables.<\/li>\n<li><strong>Infrastructures Urbaines :<\/strong> D\u00e9veloppement d&rsquo;infrastructures urbaines telles que les trottoirs, les places publiques et les parcs.<\/li>\n<\/ul>\n<h4><strong>Ouvrages d&rsquo;Art<\/strong><\/h4>\n<p>Nous sommes sp\u00e9cialis\u00e9s dans la conception et la construction d&rsquo;ouvrages d&rsquo;art complexes, alliant esth\u00e9tique et fonctionnalit\u00e9. Nos ing\u00e9nieurs et architectes travaillent en \u00e9troite collaboration pour cr\u00e9er des structures embl\u00e9matiques qui r\u00e9sistent \u00e0 l&rsquo;\u00e9preuve du temps.<\/p>\n<ul>\n<li><strong>Ponts et Viaducs :<\/strong> Conception et construction de ponts et viaducs pour am\u00e9liorer le r\u00e9seau de transport.<\/li>\n<li><strong>Tunnels :<\/strong> R\u00e9alisation de tunnels pour des solutions de transport souterraines s\u00fbres et efficaces.<\/li>\n<li><strong>Barrages et R\u00e9servoirs :<\/strong> Conception et construction de barrages et r\u00e9servoirs pour la gestion de l&rsquo;eau et la production d&rsquo;\u00e9nergie.<\/li>\n<li><strong>Structures Sp\u00e9ciales :<\/strong> Conception d&rsquo;ouvrages uniques adapt\u00e9s aux besoins sp\u00e9cifiques de chaque projet.<\/li>\n<\/ul>\n<h4><strong>Conception et Ing\u00e9nierie<\/strong><\/h4>\n<p>Nos \u00e9quipes de conception et d&rsquo;ing\u00e9nierie utilisent des technologies de pointe et des m\u00e9thodes innovantes pour d\u00e9velopper des solutions durables et rentables. Nous prenons en compte les besoins de nos clients, les contraintes environnementales et les r\u00e9glementations en vigueur pour fournir des plans d\u00e9taill\u00e9s et pr\u00e9cis.<\/p>\n<h4><strong>Gestion de Projet<\/strong><\/h4>\n<p>Nous offrons des services de gestion de projet complets pour assurer la r\u00e9ussite de chaque projet de g\u00e9nie civil et d&rsquo;ouvrage d&rsquo;art. De la planification initiale \u00e0 la livraison finale, nous supervisons toutes les phases du projet pour garantir le respect des d\u00e9lais et du budget.<\/p>\n<h4><strong>Engagement envers la Qualit\u00e9 et la S\u00e9curit\u00e9<\/strong><\/h4>\n<p>Chez <strong>SCAFF<\/strong>, la qualit\u00e9 et la s\u00e9curit\u00e9 sont nos priorit\u00e9s. Nous appliquons des normes strictes et des contr\u00f4les rigoureux \u00e0 chaque \u00e9tape du projet pour assurer des r\u00e9sultats fiables et durables. Notre engagement envers l&rsquo;excellence garantit que chaque structure que nous construisons est \u00e0 la fois s\u00e9curitaire et fonctionnelle.<\/p>\n<p>[contact-form-7 id=\u00a0\u00bb6312&Prime; title=\u00a0\u00bbContact right\u00a0\u00bb]<\/p>\n<p>\t\t\t\t\t\t\t\t\t\t\t\t\t<img loading=\"lazy\" decoding=\"async\" width=\"110\" height=\"110\" src=\"http:\/\/scaff.bj\/wp-content\/uploads\/2024\/08\/WhatsApp-Image-2024-08-26-at-17.10.25-2.jpeg\" alt=\"\" \/>\t\t\t\t\t\t\t\t\t\t\t\t\t<\/p>\n<p>Explorez nos services et d\u00e9couvrez comment SCAFF peut transformer vos projets en succ\u00e8s gr\u00e2ce \u00e0 notre expertise et notre engagement envers l\u2019excellence.<\/p>\n<h2>Lien Utiles:<\/h2>\n<h2>Contact <\/h2>\n<h2><\/h2>\n<ul>\n<li> <label>Cotonou, B\u00e9nin<\/label><\/li>\n<li> <label>scaff.contact@scaff.bj<\/label><\/li>\n<li> <label>www.scaff.bj<\/label><\/li>\n<li> <label>+229 97.60.62.99 \/ 47.93.46.12<\/label><\/li>\n<\/ul>\n","protected":false},"excerpt":{"rendered":"<p>G\u00e9nie Civil et Ouvrages d&rsquo;Art Chez SCAFF, nous excellons dans le domaine du g\u00e9nie civil et la r\u00e9alisation d&rsquo;ouvrages d&rsquo;art. Notre expertise et notre engagement envers l&rsquo;innovation nous permettent de concevoir et de construire des infrastructures robustes et durables, r\u00e9pondant aux normes les plus \u00e9lev\u00e9es de qualit\u00e9 et de s\u00e9curit\u00e9. G\u00e9nie Civil Nous offrons une [&hellip;]<\/p>\n","protected":false},"author":1,"featured_media":0,"parent":0,"menu_order":0,"comment_status":"closed","ping_status":"closed","template":"blank-template.php","meta":{"footnotes":""},"class_list":["post-6376","page","type-page","status-publish","hentry"],"_links":{"self":[{"href":"https:\/\/scaff.bj\/index.php?rest_route=\/wp\/v2\/pages\/6376","targetHints":{"allow":["GET"]}}],"collection":[{"href":"https:\/\/scaff.bj\/index.php?rest_route=\/wp\/v2\/pages"}],"about":[{"href":"https:\/\/scaff.bj\/index.php?rest_route=\/wp\/v2\/types\/page"}],"author":[{"embeddable":true,"href":"https:\/\/scaff.bj\/index.php?rest_route=\/wp\/v2\/users\/1"}],"replies":[{"embeddable":true,"href":"https:\/\/scaff.bj\/index.php?rest_route=%2Fwp%2Fv2%2Fcomments&post=6376"}],"version-history":[{"count":14,"href":"https:\/\/scaff.bj\/index.php?rest_route=\/wp\/v2\/pages\/6376\/revisions"}],"predecessor-version":[{"id":7191,"href":"https:\/\/scaff.bj\/index.php?rest_route=\/wp\/v2\/pages\/6376\/revisions\/7191"}],"wp:attachment":[{"href":"https:\/\/scaff.bj\/index.php?rest_route=%2Fwp%2Fv2%2Fmedia&parent=6376"}],"curies":[{"name":"wp","href":"https:\/\/api.w.org\/{rel}","templated":true}]}}